{"id":1686,"date":"2024-11-30T19:56:36","date_gmt":"2024-11-30T19:56:36","guid":{"rendered":"https:\/\/proabit.com\/?post_type=product&#038;p=1686"},"modified":"2025-06-20T21:34:01","modified_gmt":"2025-06-20T21:34:01","slug":"hammaspesun-tekstiviesti-interventio-copy","status":"publish","type":"product","link":"https:\/\/proabit.com\/fi\/tuote\/hammaspesun-tekstiviesti-interventio-copy\/","title":{"rendered":"Hammasharjauksen s\u00e4hk\u00f6posti\/tekstiviesti -interventio"},"content":{"rendered":"<p><strong>Brushing SMS Intervention<\/strong> on 21 p\u00e4iv\u00e4n muistutuspalvelu, jonka tarkoituksena on kannustaa sinua parantamaan hampaiden harjausrutiinia.<\/p>\n<p>Saat 3 viikon aikana p\u00e4ivitt\u00e4in tekstiviestimuistutuksia. Kannustamme sinua ilmoittamaan meille p\u00e4ivitt\u00e4in, miten hyvin harjaus onnistuu.<\/p>\n<p>Hyv\u00e4n suun terveyden yll\u00e4pit\u00e4minen edellytt\u00e4\u00e4 s\u00e4\u00e4nn\u00f6llisi\u00e4 k\u00e4yntej\u00e4 hammasl\u00e4\u00e4k\u00e4rin vastaanotolla. Todellinen ty\u00f6 tehd\u00e4\u00e4n kuitenkin kotona, ja oma roolisi p\u00e4ivitt\u00e4isess\u00e4 harjauksessa on ratkaisevan t\u00e4rke\u00e4\u00e4 suun terveyden yll\u00e4pit\u00e4miseksi. T\u00e4m\u00e4n palvelun tarkoituksena on tukea sinua harjaamisessa s\u00e4\u00e4nn\u00f6llisill\u00e4 muistutuksilla.<\/p>\n<p>Palvelu on saatavilla englanniksi. Toimenpiteen aikana voit vaihtaa muistutukset tekstiviestist\u00e4 s\u00e4hk\u00f6postiin.<\/p>\n<p>&nbsp;<\/p>\n","protected":false},"excerpt":{"rendered":"<ul>\n<li><span data-text-color=\"primary\">Tehosta tapoja 21 p\u00e4iv\u00e4n muistutuspalvelulla<\/span><\/li>\n<li><span data-text-color=\"primary\">Hampaat tulisi harjata kahdesti p\u00e4iv\u00e4ss\u00e4<\/span><\/li>\n<li><span data-text-color=\"primary\">P\u00e4ivitt\u00e4iset muistutukset ja palaute<\/span><\/li>\n<\/ul>\n","protected":false},"featured_media":1940,"template":"","meta":[],"product_brand":[],"product_cat":[90],"product_tag":[],"class_list":{"0":"post-1686","1":"product","2":"type-product","3":"status-publish","4":"has-post-thumbnail","6":"product_cat-harjauksen-muistutukset","7":"pa_gift-henkilokohtainen-kaytto","8":"pa_gift-lahja","9":"pa_method-sahkoposti","10":"pa_method-sms-fi","12":"first","13":"instock","14":"sold-individually","15":"taxable","16":"shipping-taxable","17":"purchasable","18":"product-type-variable","19":"has-default-attributes"},"_links":{"self":[{"href":"https:\/\/proabit.com\/fi\/wp-json\/wp\/v2\/product\/1686","targetHints":{"allow":["GET"]}}],"collection":[{"href":"https:\/\/proabit.com\/fi\/wp-json\/wp\/v2\/product"}],"about":[{"href":"https:\/\/proabit.com\/fi\/wp-json\/wp\/v2\/types\/product"}],"wp:featuredmedia":[{"embeddable":true,"href":"https:\/\/proabit.com\/fi\/wp-json\/wp\/v2\/media\/1940"}],"wp:attachment":[{"href":"https:\/\/proabit.com\/fi\/wp-json\/wp\/v2\/media?parent=1686"}],"wp:term":[{"taxonomy":"product_brand","embeddable":true,"href":"https:\/\/proabit.com\/fi\/wp-json\/wp\/v2\/product_brand?post=1686"},{"taxonomy":"product_cat","embeddable":true,"href":"https:\/\/proabit.com\/fi\/wp-json\/wp\/v2\/product_cat?post=1686"},{"taxonomy":"product_tag","embeddable":true,"href":"https:\/\/proabit.com\/fi\/wp-json\/wp\/v2\/product_tag?post=1686"}],"curies":[{"name":"wp","href":"https:\/\/api.w.org\/{rel}","templated":true}]}}