{"id":1443,"date":"2013-08-11T19:06:15","date_gmt":"2013-08-11T19:06:15","guid":{"rendered":"https:\/\/proabit.com\/tietoja\/"},"modified":"2025-03-16T15:55:36","modified_gmt":"2025-03-16T15:55:36","slug":"tietoja","status":"publish","type":"page","link":"https:\/\/proabit.com\/fi\/tietoja\/","title":{"rendered":"Tietoja"},"content":{"rendered":"\n\n  <div class=\"banner has-hover has-parallax\" id=\"banner-540242121\">\n          <div class=\"banner-inner fill\">\n        <div class=\"banner-bg fill\" data-parallax=\"-3\" data-parallax-container=\".banner\" data-parallax-background>\n            <img loading=\"lazy\" decoding=\"async\" width=\"1000\" height=\"650\" src=\"https:\/\/proabit.com\/wp-content\/uploads\/2016\/08\/dummy-2.jpg\" class=\"bg attachment-large size-large\" alt=\"\" \/>                        <div class=\"overlay\"><\/div>            \n                    <\/div>\n\t\t\n        <div class=\"banner-layers container\">\n            <div class=\"fill banner-link\"><\/div>            \n\n   <div id=\"text-box-669120294\" class=\"text-box banner-layer x50 md-x50 lg-x50 y95 md-y95 lg-y95 res-text\">\n                                <div class=\"text-box-content text dark\">\n              \n              <div class=\"text-inner text-center\">\n                  \n\n<h1 class=\"lead\">Tietoa meist\u00e4<\/h1>\n<p class=\"lead\">Muutos on vaikeaa. Uskomme, ett\u00e4 muistutukset voivat tehd\u00e4 muutoksesta hieman v\u00e4hemm\u00e4n vaikeaa. Pienill\u00e4 tavoilla voi olla ratkaiseva vaikutus hyvinvointiimme. Hampaat pysyv\u00e4t puhtaina vain, kun harjaat ne mekaanisesti kahdesti p\u00e4iv\u00e4ss\u00e4.<\/p>\n<p class=\"lead\">Tarinamme alkoi vuonna 2024. P\u00e4\u00e4timme, ett\u00e4 on aika tarjota yksinkertaisia muistutuksia, jotka auttavat ihmisi\u00e4 saavuttamaan uusia tapoja ja s\u00e4ilytt\u00e4m\u00e4\u00e4n tavoitteensa. Muistutuspalveluidemme k\u00e4ynnist\u00e4misest\u00e4 l\u00e4htien olemme etsineet k\u00e4yt\u00e4nn\u00f6llisimpi\u00e4 tapoja tukea asiakkaitamme parempien tapojen ja hyvinvoinnin saavuttamisessa.<\/p>\n\n              <\/div>\n           <\/div>\n                            \n<style>\n#text-box-669120294 {\n  width: 70%;\n}\n#text-box-669120294 .text-box-content {\n  font-size: 90%;\n}\n<\/style>\n    <\/div>\n \n\n        <\/div>\n      <\/div>\n\n            \n<style>\n#banner-540242121 {\n  padding-top: 487px;\n}\n#banner-540242121 .overlay {\n  background-color: rgba(0, 0, 0, 0.49);\n}\n<\/style>\n  <\/div>\n\n\n<div class=\"row\"  id=\"row-709467168\">\n\n\n\t<div id=\"col-1178217956\" class=\"col small-12 large-12\"  >\n\t\t\t\t<div class=\"col-inner\"  >\n\t\t\t\n\t\t\t\n\n\n\t\t<\/div>\n\t\t\t\t\t<\/div>\n\n\t\n\n<\/div>\n\n","protected":false},"excerpt":{"rendered":"","protected":false},"author":1,"featured_media":1207,"parent":0,"menu_order":0,"comment_status":"closed","ping_status":"closed","template":"page-transparent-header-light.php","meta":{"footnotes":""},"class_list":["post-1443","page","type-page","status-publish","has-post-thumbnail","hentry"],"_links":{"self":[{"href":"https:\/\/proabit.com\/fi\/wp-json\/wp\/v2\/pages\/1443","targetHints":{"allow":["GET"]}}],"collection":[{"href":"https:\/\/proabit.com\/fi\/wp-json\/wp\/v2\/pages"}],"about":[{"href":"https:\/\/proabit.com\/fi\/wp-json\/wp\/v2\/types\/page"}],"author":[{"embeddable":true,"href":"https:\/\/proabit.com\/fi\/wp-json\/wp\/v2\/users\/1"}],"replies":[{"embeddable":true,"href":"https:\/\/proabit.com\/fi\/wp-json\/wp\/v2\/comments?post=1443"}],"version-history":[{"count":2,"href":"https:\/\/proabit.com\/fi\/wp-json\/wp\/v2\/pages\/1443\/revisions"}],"predecessor-version":[{"id":1780,"href":"https:\/\/proabit.com\/fi\/wp-json\/wp\/v2\/pages\/1443\/revisions\/1780"}],"wp:featuredmedia":[{"embeddable":true,"href":"https:\/\/proabit.com\/fi\/wp-json\/wp\/v2\/media\/1207"}],"wp:attachment":[{"href":"https:\/\/proabit.com\/fi\/wp-json\/wp\/v2\/media?parent=1443"}],"curies":[{"name":"wp","href":"https:\/\/api.w.org\/{rel}","templated":true}]}}