{"id":1315,"date":"2024-01-21T10:00:10","date_gmt":"2024-01-21T10:00:10","guid":{"rendered":"https:\/\/proabit.com\/proabit-etusivu\/"},"modified":"2026-01-06T19:24:01","modified_gmt":"2026-01-06T19:24:01","slug":"proabit-etusivu","status":"publish","type":"page","link":"https:\/\/proabit.com\/fi\/","title":{"rendered":"Proabit Etusivu"},"content":{"rendered":"\n\n\t<section class=\"section\" id=\"section_7640848\">\n\t\t<div class=\"section-bg fill\" >\n\t\t\t\t\t\t\t\t\t<div class=\"section-bg-overlay absolute fill\"><\/div>\n\t\t\t\n\t<div class=\"is-border\"\n\t\tstyle=\"border-width:1px 0px 1px 0px;\">\n\t<\/div>\n\n\t\t<\/div>\n\n\t\t\n\n\t\t<div class=\"section-content relative\">\n\t\t\t\n\n<div class=\"row row-large align-middle\"  id=\"row-1719402008\">\n\n\n\t<div id=\"col-1667219258\" class=\"col medium-5 small-12 large-5\"  >\n\t\t\t\t<div class=\"col-inner\"  >\n\t\t\t\n\t\t\t\n\n\t<div id=\"text-1245297537\" class=\"text\">\n\t\t\n\n<p><span style=\"color: #000000;\"><strong><span style=\"font-size: 400%;\" data-text-color=\"primary\">Paremmat tavat, parempi terveys<\/span><\/strong><\/span><\/p>\n\t\t\n<style>\n#text-1245297537 {\n  font-size: 0.8rem;\n  line-height: 1.15;\n}\n<\/style>\n\t<\/div>\n\t\n<p><span style=\"font-size: 140%;\"><strong>Proabit muistuttaa sinua rakentamaan terveellisi\u00e4 tottumuksia pysyv\u00e4\u00e4 positiivista muutosta varten.<\/strong><\/span><\/p>\n<a href=\"https:\/\/proabit.com\/fi\/tuote\/hammaspesun-tekstiviesti-interventio-copy\/\" class=\"button primary is-large lowercase\" style=\"border-radius:99px;\">\n\t\t<span>Aloita<\/span>\n\t<\/a>\n\n\n\n\t\t<\/div>\n\t\t\t\t\t<\/div>\n\n\t\n\n\t<div id=\"col-1425657660\" class=\"col medium-7 small-12 large-7\"  >\n\t\t\t\t<div class=\"col-inner text-left\"  >\n\t\t\t\n\t\t\t\n\n\t<div class=\"img has-hover x md-x lg-x y md-y lg-y\" id=\"image_490253101\">\n\t\t\t\t\t\t\t\t<div class=\"img-inner dark\" >\n\t\t\t<img loading=\"lazy\" decoding=\"async\" width=\"366\" height=\"400\" src=\"https:\/\/proabit.com\/wp-content\/uploads\/2026\/01\/remind-366x400.jpg\" class=\"attachment-medium size-medium\" alt=\"\" srcset=\"https:\/\/proabit.com\/wp-content\/uploads\/2026\/01\/remind-366x400.jpg 366w, https:\/\/proabit.com\/wp-content\/uploads\/2026\/01\/remind-733x800.jpg 733w, https:\/\/proabit.com\/wp-content\/uploads\/2026\/01\/remind-768x839.jpg 768w, https:\/\/proabit.com\/wp-content\/uploads\/2026\/01\/remind-510x557.jpg 510w, https:\/\/proabit.com\/wp-content\/uploads\/2026\/01\/remind.jpg 1174w\" sizes=\"auto, (max-width: 366px) 100vw, 366px\" \/>\t\t\t\t\t\t\n\t\t\t\t\t<\/div>\n\t\t\t\t\t\t\t\t\n<style>\n#image_490253101 {\n  width: 46%;\n}\n<\/style>\n\t<\/div>\n\t\n\n\t<div id=\"text-1561546094\" class=\"text\">\n\t\t\n\n\n\t\t\n<style>\n#text-1561546094 {\n  font-size: 1.8rem;\n}\n<\/style>\n\t<\/div>\n\t\n\n\t\t<\/div>\n\t\t\t\t\t<\/div>\n\n\t\n\n\n<style>\n#row-1719402008 > .col > .col-inner {\n  padding: 0px 0px 0px 0px;\n}\n<\/style>\n<\/div>\n\n\t\t<\/div>\n\n\t\t\n<style>\n#section_7640848 {\n  padding-top: 20px;\n  padding-bottom: 20px;\n  background-color: rgb(231, 221, 221);\n}\n#section_7640848 .section-bg-overlay {\n  background-color: rgba(255, 255, 255, 0.85);\n}\n<\/style>\n\t<\/section>\n\t\n\n\t<section class=\"section\" id=\"section_921049564\">\n\t\t<div class=\"section-bg fill\" >\n\t\t\t\t\t\t\t\t\t<div class=\"section-bg-overlay absolute fill\"><\/div>\n\t\t\t\n\t<div class=\"is-border\"\n\t\tstyle=\"border-width:1px 0px 1px 0px;\">\n\t<\/div>\n\n\t\t<\/div>\n\n\t\t\n\n\t\t<div class=\"section-content relative\">\n\t\t\t\n\n<div class=\"row row-large align-middle\"  id=\"row-537104447\">\n\n\n\t<div id=\"col-187459372\" class=\"col medium-6 small-12 large-6\"  >\n\t\t\t\t<div class=\"col-inner\"  >\n\t\t\t\n\t\t\t\n\n\t<div class=\"img has-hover x md-x lg-x y md-y lg-y\" id=\"image_2115778946\">\n\t\t<a class=\"\" href=\"https:\/\/www.thelancet.com\/journals\/lancet\/article\/PIIS0140-6736(19)31146-8\/abstract\" target=\"_blank\" rel=\"noopener\" >\t\t\t\t\t\t<div class=\"img-inner box-shadow-2 dark\" >\n\t\t\t<img loading=\"lazy\" decoding=\"async\" width=\"856\" height=\"800\" src=\"https:\/\/proabit.com\/wp-content\/uploads\/2026\/01\/planet2-856x800.jpg\" class=\"attachment-large size-large\" alt=\"\" srcset=\"https:\/\/proabit.com\/wp-content\/uploads\/2026\/01\/planet2-856x800.jpg 856w, https:\/\/proabit.com\/wp-content\/uploads\/2026\/01\/planet2-428x400.jpg 428w, https:\/\/proabit.com\/wp-content\/uploads\/2026\/01\/planet2-768x718.jpg 768w, https:\/\/proabit.com\/wp-content\/uploads\/2026\/01\/planet2-1536x1436.jpg 1536w, https:\/\/proabit.com\/wp-content\/uploads\/2026\/01\/planet2-510x477.jpg 510w, https:\/\/proabit.com\/wp-content\/uploads\/2026\/01\/planet2.jpg 1600w\" sizes=\"auto, (max-width: 856px) 100vw, 856px\" \/>\t\t\t\t\t\t\n\t\t\t\t\t<\/div>\n\t\t\t\t\t\t<\/a>\t\t\n<style>\n#image_2115778946 {\n  width: 100%;\n}\n<\/style>\n\t<\/div>\n\t\n\n\n\t\t<\/div>\n\t\t\t\t\t<\/div>\n\n\t\n\n\t<div id=\"col-196538927\" class=\"col medium-6 small-12 large-6\"  >\n\t\t\t\t<div class=\"col-inner text-left\"  >\n\t\t\t\n\t\t\t\n\n\t<div id=\"text-659658712\" class=\"text\">\n\t\t\n\n<p><span style=\"font-size: 120%;\" data-text-color=\"primary\"><strong>Suun sairaudet koskettavat puolta maailman v\u00e4est\u00f6st\u00e4 &#8211; Vaikka ne ovat suurelta osin ehk\u00e4ist\u00e4viss\u00e4.<\/strong><\/span><\/p>\n\t\t\n<style>\n#text-659658712 {\n  font-size: 1.8rem;\n  line-height: 1.25;\n}\n<\/style>\n\t<\/div>\n\t\n\t<div id=\"text-3797011774\" class=\"text\">\n\t\t\n\n<ul>\n<li><strong>Suun sairauksiin kuuluu useita kroonisia sairauksia, jotka vaikuttavat 3,5 miljardin ihmisen hampaisiin ja suuhun.  <\/strong><\/li>\n<li><strong>Hoitamattomasta karieksesta k\u00e4rsii 35 prosenttia ja parodontiitista 10,8 prosenttia maailman v\u00e4est\u00f6st\u00e4.  <\/strong><\/li>\n<li><strong>Suun sairauksilla on yhteisi\u00e4 riskitekij\u00f6it\u00e4 muiden tarttumattomien sairauksien kanssa, mukaan lukien sosiaaliset ja kaupalliset terveyteen vaikuttavat tekij\u00e4t.<\/strong><\/li>\n<\/ul>\n<p><em>Peres et al., Oral diseases: a global public health challenge, Lancet 2019.<\/em><\/p>\n\n\t\t\n<style>\n#text-3797011774 {\n  font-size: 1.05rem;\n}\n<\/style>\n\t<\/div>\n\t\n\n\t\t<\/div>\n\t\t\t\t\t<\/div>\n\n\t\n\n<\/div>\n<div class=\"row\"  id=\"row-1375352096\">\n\n\n\t<div id=\"col-342929568\" class=\"col small-12 large-12\"  >\n\t\t\t\t<div class=\"col-inner text-left\"  >\n\t\t\t\n\t\t\t\n\n\t<div id=\"text-936778097\" class=\"text\">\n\t\t\n\n<p><a href=\"https:\/\/proabit.com\/fi\/tuote\/hammaspesun-tekstiviesti-interventio-copy\/\"><span style=\"font-size: 120%;\" data-text-color=\"primary\"><strong>Tehosta tapojasi 21 p\u00e4iv\u00e4n harjausmuistutuksella<\/strong><\/span><\/a><\/p>\n\t\t\n<style>\n#text-936778097 {\n  font-size: 1.8rem;\n  line-height: 1.05;\n}\n<\/style>\n\t<\/div>\n\t\n\n\t\t<\/div>\n\t\t\t\t\n<style>\n#col-342929568 > .col-inner {\n  margin: 20px 0px -40px 0px;\n}\n<\/style>\n\t<\/div>\n\n\t\n\n<\/div>\n<div class=\"woocommerce columns-1 \"><div class=\"products row row-small has-box-vertical large-columns-1 medium-columns-1 small-columns-1\">\n<div class=\"product-small col has-hover product type-product post-1686 status-publish first instock product_cat-harjauksen-muistutukset has-post-thumbnail sold-individually taxable shipping-taxable purchasable product-type-variable has-default-attributes\">\n\t<div class=\"col-inner\">\n\t\n<div class=\"badge-container absolute left top z-1\">\n\n<\/div>\n\t<div class=\"product-small box box-vertical\">\n\t\t<div class=\"box-image\">\n\t\t\t<div class=\"image-zoom\">\n\t\t\t\t<a href=\"https:\/\/proabit.com\/fi\/tuote\/hammaspesun-tekstiviesti-interventio-copy\/\">\n\t\t\t\t\t<img loading=\"lazy\" decoding=\"async\" width=\"247\" height=\"216\" src=\"https:\/\/proabit.com\/wp-content\/uploads\/2026\/01\/brushing-247x216.jpg\" class=\"attachment-woocommerce_thumbnail size-woocommerce_thumbnail\" alt=\"Hammasharjauksen s\u00e4hk\u00f6posti\/tekstiviesti -interventio\" \/>\t\t\t\t<\/a>\n\t\t\t<\/div>\n\t\t\t<div class=\"image-tools is-small top right show-on-hover\">\n\t\t\t\t\t\t\t<\/div>\n\t\t\t<div class=\"image-tools is-small hide-for-small bottom left show-on-hover\">\n\t\t\t\t\t\t\t<\/div>\n\t\t\t<div class=\"image-tools grid-tools text-center hide-for-small bottom hover-slide-in show-on-hover\">\n\t\t\t\t\t\t\t<\/div>\n\t\t\t\t\t<\/div>\n\n\t\t<div class=\"box-text box-text-products\">\n\t\t\t<div class=\"title-wrapper\"><p class=\"name product-title woocommerce-loop-product__title\"><a href=\"https:\/\/proabit.com\/fi\/tuote\/hammaspesun-tekstiviesti-interventio-copy\/\" class=\"woocommerce-LoopProduct-link woocommerce-loop-product__link\">Hammasharjauksen s\u00e4hk\u00f6posti\/tekstiviesti -interventio<\/a><\/p><\/div><div class=\"price-wrapper\">\n\t<span class=\"price\"><span class=\"woocommerce-Price-amount amount\"><bdi>9,80&nbsp;<span class=\"woocommerce-Price-currencySymbol\">&#36;<\/span><\/bdi><\/span><\/span>\n<\/div>\t\t<p class=\"box-excerpt is-small\">\n\t\t\t<ul>\n \t<li><span data-text-color=\"primary\">Tehosta tapoja 21 p\u00e4iv\u00e4n muistutuspalvelulla<\/span><\/li>\n \t<li><span data-text-color=\"primary\">Hampaat tulisi harjata kahdesti p\u00e4iv\u00e4ss\u00e4<\/span><\/li>\n \t<li><span data-text-color=\"primary\">P\u00e4ivitt\u00e4iset muistutukset ja palaute<\/span><\/li>\n<\/ul>\t\t<\/p>\n\t\t<div class=\"add-to-cart-button\"><a href=\"https:\/\/proabit.com\/fi\/tuote\/hammaspesun-tekstiviesti-interventio-copy\/\" aria-describedby=\"woocommerce_loop_add_to_cart_link_describedby_1686\" data-quantity=\"1\" class=\"primary is-small mb-0 button product_type_variable add_to_cart_button is-flat\" data-product_id=\"1686\" data-product_sku=\"000010-1-1-1-2-2\" aria-label=\"Valitse valinnat &ldquo;Hammasharjauksen s\u00e4hk\u00f6posti\/tekstiviesti -interventio&rdquo;\" rel=\"nofollow\">Tilaus<\/a><\/div>\t<span id=\"woocommerce_loop_add_to_cart_link_describedby_1686\" class=\"screen-reader-text\">\n\t\tT\u00e4ll\u00e4 tuotteella on useampi muunnelma. Voit tehd\u00e4 valinnat tuotteen sivulla.\t<\/span>\n\t\t<\/div>\n\t<\/div>\n\t\t<\/div>\n<\/div><\/div><!-- row -->\n<\/div>\n\n\n\t\t<\/div>\n\n\t\t\n<style>\n#section_921049564 {\n  padding-top: 40px;\n  padding-bottom: 40px;\n  background-color: rgb(193, 193, 193);\n}\n#section_921049564 .section-bg-overlay {\n  background-color: rgba(255, 255, 255, 0.85);\n}\n<\/style>\n\t<\/section>\n\t\n<div class=\"row row-large align-middle\"  id=\"row-500532484\">\n\n\n\t<div id=\"col-1429714391\" class=\"col medium-6 small-12 large-6\"  >\n\t\t\t\t<div class=\"col-inner\"  >\n\t\t\t\n\t\t\t\n\n\t<div class=\"img has-hover x md-x lg-x y md-y lg-y\" id=\"image_48537743\">\n\t\t<a class=\"\" href=\"https:\/\/www.thelancet.com\/journals\/lancet\/article\/PIIS0140-6736(19)31146-8\/abstract\" target=\"_blank\" rel=\"noopener\" >\t\t\t\t\t\t<div class=\"img-inner box-shadow-2 dark\" >\n\t\t\t<img loading=\"lazy\" decoding=\"async\" width=\"474\" height=\"400\" src=\"https:\/\/proabit.com\/wp-content\/uploads\/2026\/01\/recommendations-474x400.jpg\" class=\"attachment-medium size-medium\" alt=\"\" srcset=\"https:\/\/proabit.com\/wp-content\/uploads\/2026\/01\/recommendations-474x400.jpg 474w, https:\/\/proabit.com\/wp-content\/uploads\/2026\/01\/recommendations-949x800.jpg 949w, https:\/\/proabit.com\/wp-content\/uploads\/2026\/01\/recommendations-768x648.jpg 768w, https:\/\/proabit.com\/wp-content\/uploads\/2026\/01\/recommendations-1536x1295.jpg 1536w, https:\/\/proabit.com\/wp-content\/uploads\/2026\/01\/recommendations-510x430.jpg 510w, https:\/\/proabit.com\/wp-content\/uploads\/2026\/01\/recommendations.jpg 1600w\" sizes=\"auto, (max-width: 474px) 100vw, 474px\" \/>\t\t\t\t\t\t\n\t\t\t\t\t<\/div>\n\t\t\t\t\t\t<\/a>\t\t\n<style>\n#image_48537743 {\n  width: 100%;\n}\n<\/style>\n\t<\/div>\n\t\n\n\n\t\t<\/div>\n\t\t\t\t\t<\/div>\n\n\t\n\n\t<div id=\"col-932785042\" class=\"col medium-6 small-12 large-6\"  >\n\t\t\t\t<div class=\"col-inner text-left\"  >\n\t\t\t\n\t\t\t\n\n\t<div id=\"text-1370659302\" class=\"text\">\n\t\t\n\n<p><span style=\"font-size: 120%;\" data-text-color=\"primary\"><strong>Harjaussuositukset<\/strong><\/span><\/p>\n\t\t\n<style>\n#text-1370659302 {\n  font-size: 1.8rem;\n  line-height: 0.75;\n}\n<\/style>\n\t<\/div>\n\t\n\t<div id=\"text-2537607478\" class=\"text\">\n\t\t\n\n\n\t\t\n<style>\n#text-2537607478 {\n  font-size: 1.8rem;\n}\n<\/style>\n\t<\/div>\n\t\n\t<div id=\"text-3827789977\" class=\"text\">\n\t\t\n\n<ul>\n<li><strong>Milloin harjata? Sek\u00e4 aikuisten ett\u00e4 lasten tulisi harjata hampaansa ennen nukkumaanmenoa ja v\u00e4hint\u00e4\u00e4n viel\u00e4 kerran p\u00e4iv\u00e4n aikana.<\/strong><\/li>\n<li><strong>Kuinka usein? Sek\u00e4 aikuisille ett\u00e4 lapsille suositellaan hampaiden harjausta v\u00e4hint\u00e4\u00e4n kahdesti p\u00e4iv\u00e4ss\u00e4, tarvittaessa avustettuna.  <\/strong><\/li>\n<li><strong>Kuinka kauan? On t\u00e4rke\u00e4\u00e4 harjata hampaita riitt\u00e4v\u00e4n pitk\u00e4\u00e4n, jotta kaikki pinnat puhdistuvat tehokkaasti. T\u00e4m\u00e4 kest\u00e4\u00e4 yleens\u00e4 noin kaksi minuuttia hampaiden lukum\u00e4\u00e4r\u00e4st\u00e4 riippuen.<\/strong><\/li>\n<\/ul>\n<p><em>Mik\u00e4 on paras hampaiden harjauksen ajankohta, tiheys ja kesto? (Konsensus hampaiden harjauksesta, visuaalinen opas, FDI 2023).<\/em><\/p>\n\t\t\n<style>\n#text-3827789977 {\n  font-size: 1.05rem;\n}\n<\/style>\n\t<\/div>\n\t\n\n\t\t<\/div>\n\t\t\t\t\t<\/div>\n\n\t\n\n<\/div>\n\n  <div class=\"banner has-hover\" id=\"banner-2119331493\">\n          <div class=\"banner-inner fill\">\n        <div class=\"banner-bg fill\" >\n            <img loading=\"lazy\" decoding=\"async\" width=\"1020\" height=\"680\" src=\"https:\/\/proabit.com\/wp-content\/uploads\/2026\/01\/wellbeing-1.jpg\" class=\"bg attachment-large size-large\" alt=\"\" \/>                                    \n                    <\/div>\n\t\t\n        <div class=\"banner-layers container\">\n            <div class=\"fill banner-link\"><\/div>            \n\n   <div id=\"text-box-1625195520\" class=\"text-box banner-layer x5 md-x5 lg-x5 y90 md-y50 lg-y50 res-text\">\n                                <div class=\"text-box-content text box-shadow-1\">\n              \n              <div class=\"text-inner text-left\">\n                  \n\n<h6>Muistatko<\/h6>\n<h3 class=\"uppercase\">PID\u00c4 HUOLTA ITSEST\u00c4SI ?<\/h3>\n<p>Monet krooniset sairaudet voitaisiin ehk\u00e4ist\u00e4 noudattamalla viitt\u00e4 keskeist\u00e4 el\u00e4m\u00e4ntapaa: tupakoimattomuus, s\u00e4\u00e4nn\u00f6llinen liikunta, v\u00e4h\u00e4inen alkoholink\u00e4ytt\u00f6, normaalin ruumiinpainon yll\u00e4pit\u00e4minen ja seitsem\u00e4n-kahdeksan tunnin unet.<a href=\"https:\/\/pubmed.ncbi.nlm.nih.gov\/7148802\/\">(Wingard ym. 1982<\/a>, <a href=\"https:\/\/academic.oup.com\/aje\/article-abstract\/116\/5\/765\/111372?redirectedFrom=fulltext&amp;login=false\">Liu ym. 2013<\/a>).<\/p>\n<p><strong>N\u00e4etk\u00f6 p\u00e4ivitt\u00e4isiss\u00e4 tavoissasi parantamisen varaa?<\/strong><\/p>\n\n              <\/div>\n           <\/div>\n                            \n<style>\n#text-box-1625195520 .text-box-content {\n  background-color: rgba(255, 255, 255, 0.94);\n  font-size: 100%;\n}\n#text-box-1625195520 .text-inner {\n  padding: 30px 30px 30px 30px;\n}\n#text-box-1625195520 {\n  width: 88%;\n}\n@media (min-width:550px) {\n  #text-box-1625195520 {\n    width: 50%;\n  }\n}\n<\/style>\n    <\/div>\n \n\n        <\/div>\n      <\/div>\n\n            \n<style>\n#banner-2119331493 {\n  padding-top: 637px;\n}\n#banner-2119331493 .banner-bg img {\n  object-position: 62% 68%;\n}\n<\/style>\n  <\/div>\n\n\n<div class=\"slider-wrapper relative\" id=\"slider-1706265260\" >\n    <div class=\"slider slider-nav-circle slider-nav-large slider-nav-light slider-style-normal\"\n        data-flickity-options='{\n            \"cellAlign\": \"center\",\n            \"imagesLoaded\": true,\n            \"lazyLoad\": 1,\n            \"freeScroll\": false,\n            \"wrapAround\": true,\n            \"autoPlay\": 6000,\n            \"pauseAutoPlayOnHover\" : true,\n            \"prevNextButtons\": true,\n            \"contain\" : true,\n            \"adaptiveHeight\" : true,\n            \"dragThreshold\" : 10,\n            \"percentPosition\": true,\n            \"pageDots\": true,\n            \"rightToLeft\": false,\n            \"draggable\": true,\n            \"selectedAttraction\": 0.1,\n            \"parallax\" : 0,\n            \"friction\": 0.6        }'\n        >\n        \n\n\n     <\/div>\n\n     <div class=\"loading-spin dark large centered\"><\/div>\n\n\t<\/div>\n\n\n\n","protected":false},"excerpt":{"rendered":"","protected":false},"author":1,"featured_media":1207,"parent":0,"menu_order":1,"comment_status":"closed","ping_status":"closed","template":"page-blank.php","meta":{"footnotes":""},"class_list":["post-1315","page","type-page","status-publish","has-post-thumbnail","hentry"],"_links":{"self":[{"href":"https:\/\/proabit.com\/fi\/wp-json\/wp\/v2\/pages\/1315","targetHints":{"allow":["GET"]}}],"collection":[{"href":"https:\/\/proabit.com\/fi\/wp-json\/wp\/v2\/pages"}],"about":[{"href":"https:\/\/proabit.com\/fi\/wp-json\/wp\/v2\/types\/page"}],"author":[{"embeddable":true,"href":"https:\/\/proabit.com\/fi\/wp-json\/wp\/v2\/users\/1"}],"replies":[{"embeddable":true,"href":"https:\/\/proabit.com\/fi\/wp-json\/wp\/v2\/comments?post=1315"}],"version-history":[{"count":5,"href":"https:\/\/proabit.com\/fi\/wp-json\/wp\/v2\/pages\/1315\/revisions"}],"predecessor-version":[{"id":1976,"href":"https:\/\/proabit.com\/fi\/wp-json\/wp\/v2\/pages\/1315\/revisions\/1976"}],"wp:featuredmedia":[{"embeddable":true,"href":"https:\/\/proabit.com\/fi\/wp-json\/wp\/v2\/media\/1207"}],"wp:attachment":[{"href":"https:\/\/proabit.com\/fi\/wp-json\/wp\/v2\/media?parent=1315"}],"curies":[{"name":"wp","href":"https:\/\/api.w.org\/{rel}","templated":true}]}}