{"id":1305,"date":"2023-07-29T20:23:12","date_gmt":"2023-07-29T20:23:12","guid":{"rendered":"https:\/\/proabit.com\/ota-yhteytta\/"},"modified":"2024-07-11T20:22:19","modified_gmt":"2024-07-11T20:22:19","slug":"ota-yhteytta","status":"publish","type":"page","link":"https:\/\/proabit.com\/fi\/ota-yhteytta\/","title":{"rendered":"Ota yhteytt\u00e4"},"content":{"rendered":"\n<h2 class=\"wp-block-heading\">YHTEYSTIEDOT<\/h2>\n\n<p> <\/p>\n\n<h2 class=\"wp-block-heading\">Osoitetiedot<\/h2>\n\n<p>Toimisto 96909, PO Box 6945, W1A 6US, Lontoo, Yhdistynyt kuningaskunta.<\/p>\n\n<h2 class=\"wp-block-heading\">Usein kysytyt kysymykset<\/h2>\n\n<p><button class=\"accordion\">Mitk\u00e4 maksutavat hyv\u00e4ksyt\u00e4\u00e4n verkkokaupassa?<\/button><\/p>\n<div class=\"panel\">\n<p>Verkkokauppamme hyv\u00e4ksyy yleisimm\u00e4t maksutavat, mukaan lukien luottokortit. Maksupetosten havaitsemistekniikoita k\u00e4ytet\u00e4\u00e4n ostohetkell\u00e4. Maksut hyv\u00e4ksyt\u00e4\u00e4n eri maksupalvelujen tarjoajien, kuten PayPalin, Stripen tai Woocommerce Paymentsin kautta.<\/p>\n<\/div>\n<p><button class=\"accordion\">Kuinka turvallista ostaminen verkkokaupassa on? Onko tietoni suojattu?<\/button><\/p>\n<div class=\"panel\">\n<p>K\u00e4sittelemme maksuja tunnettujen maksupalvelujen tarjoajien, kuten PayPalin, Stripen ja Woocommerce Paymentsin kautta. Tietojasi k\u00e4sitell\u00e4\u00e4n turvallisesti. Lis\u00e4tietoja on <a href=\"https:\/\/proabit.com\/fi\/tietosuojakaytanto\/\">tietosuojaselosteessamme<\/a><\/a>.<\/p>\n<\/div>\n<p><button class=\"accordion\">Mit\u00e4 tarkalleen ottaen tapahtuu tilauksen j\u00e4lkeen?<\/button><\/p>\n<div class=\"panel\">\n<p>Saat kaksi s\u00e4hk\u00f6postiviesti\u00e4. Toinen on tilausvahvistuss\u00e4hk\u00f6posti ja toinen on palvelun aktivointis\u00e4hk\u00f6posti. Palvelu k\u00e4ynnistyy, kun napsautat palvelun aktivointis\u00e4hk\u00f6postissa olevaa linkki\u00e4. Palvelu alkaa aikaisintaan aktivointia seuraavana p\u00e4iv\u00e4n\u00e4.<\/p>\n<p>Kun olet painanut linkki\u00e4, voit m\u00e4\u00e4ritt\u00e4\u00e4 tilisi t\u00e4ytt\u00e4m\u00e4ll\u00e4 salasanan. Jos tekstiviestit ovat k\u00e4yt\u00f6ss\u00e4, voit my\u00f6s t\u00e4ytt\u00e4\u00e4 puhelinnumerosi. Kun matkapuhelinnumero on t\u00e4ytetty, voit saada my\u00f6s tekstiviestimuistutuksia. Jos haluat k\u00e4ytt\u00e4\u00e4 vain s\u00e4hk\u00f6postimuistutuksia, sinun ei tarvitse t\u00e4ytt\u00e4\u00e4 tilitietojasi, kuten salasanaa ja matkapuhelinnumeroa.<\/p>\n<\/div>\n<p><button class=\"accordion\">Saanko laskun tilauksestani?<\/button><\/p>\n<div class=\"panel\">\n<p>Kun olet tehnyt tilauksen maksupalveluntarjoajiemme kautta, saat tilausvahvistuss\u00e4hk\u00f6postin antamaasi s\u00e4hk\u00f6postiosoitteeseen. Tilausvahvistuss\u00e4hk\u00f6posti sis\u00e4lt\u00e4\u00e4 kaikki tarvittavat tilaus- ja maksutiedot.<\/p>\n<\/div>\n<p><button class=\"accordion\">Voinko saada hyvityst\u00e4, jos haluan peruuttaa tilaukseni?<\/button><\/p>\n<div class=\"panel\">\n<p>Kun olet tilannut palvelun, oletetaan, ett\u00e4 k\u00e4yt\u00e4t sit\u00e4 loppuun asti. Tarjoamme sinulle kuitenkin 14 p\u00e4iv\u00e4n peruutusajan, jonka aikana sinulla on mahdollisuus peruuttaa tilaus. Emme anna sinulle t\u00e4ytt\u00e4 hyvityst\u00e4, mutta voimme tarjota sinulle lahjakortin tai osittaisen hyvityksen, jos se on mahdollista oston aikana k\u00e4ytt\u00e4m\u00e4si maksuv\u00e4lineen osalta. Enint\u00e4\u00e4n 75 % palautetaan, jos palvelu on ollut k\u00e4yt\u00f6ss\u00e4 vain 25 % kokonaiskestosta. Katso lis\u00e4tietoja palautusk\u00e4yt\u00e4nn\u00f6st\u00e4mme.<\/p>\n<\/div>\n\n\n\n<h2 class=\"wp-block-heading\">Ota yhteytt\u00e4<\/h2>\n<div class=\"wpforms-container wpforms-container-full wpforms-block wpforms-block-f6742d74-e0a6-49f5-a800-30d631cdd553 wpforms-render-modern\" id=\"wpforms-876\"><form id=\"wpforms-form-876\" class=\"wpforms-validate wpforms-form wpforms-ajax-form\" data-formid=\"876\" method=\"post\" enctype=\"multipart\/form-data\" action=\"\/fi\/wp-json\/wp\/v2\/pages\/1305\" data-token=\"b535d76c469b86f8825aa4e6e0840845\" data-token-time=\"1775867657\"><noscript class=\"wpforms-error-noscript\">Please enable JavaScript in your browser to complete this form.<\/noscript><div id=\"wpforms-error-noscript\" style=\"display: none;\">Please enable JavaScript in your browser to complete this form.<\/div><div class=\"wpforms-field-container\"><div id=\"wpforms-876-field_0-container\" class=\"wpforms-field wpforms-field-name\" data-field-id=\"0\"><fieldset><legend class=\"wpforms-field-label\">Name <span class=\"wpforms-required-label\" aria-hidden=\"true\">*<\/span><\/legend><div class=\"wpforms-field-row wpforms-field-medium\"><div class=\"wpforms-field-row-block wpforms-first wpforms-one-half\"><input type=\"text\" id=\"wpforms-876-field_0\" class=\"wpforms-field-name-first wpforms-field-required\" name=\"wpforms[fields][0][first]\" aria-errormessage=\"wpforms-876-field_0-error\" required><label for=\"wpforms-876-field_0\" class=\"wpforms-field-sublabel after\">Sukunimi<\/label><\/div><div class=\"wpforms-field-row-block wpforms-one-half\"><input type=\"text\" id=\"wpforms-876-field_0-last\" class=\"wpforms-field-name-last wpforms-field-required\" name=\"wpforms[fields][0][last]\" aria-errormessage=\"wpforms-876-field_0-last-error\" required><label for=\"wpforms-876-field_0-last\" class=\"wpforms-field-sublabel after\">Etunimi<\/label><\/div><\/div><\/fieldset><\/div><div id=\"wpforms-876-field_1-container\" class=\"wpforms-field wpforms-field-email\" data-field-id=\"1\"><label class=\"wpforms-field-label\" for=\"wpforms-876-field_1\">Email <span class=\"wpforms-required-label\" aria-hidden=\"true\">*<\/span><\/label><input type=\"email\" id=\"wpforms-876-field_1\" class=\"wpforms-field-medium wpforms-field-required\" name=\"wpforms[fields][1]\" spellcheck=\"false\" aria-errormessage=\"wpforms-876-field_1-error\" required><\/div><div id=\"wpforms-876-field_2-container\" class=\"wpforms-field wpforms-field-textarea\" data-field-id=\"2\"><label class=\"wpforms-field-label\" for=\"wpforms-876-field_2\">Message <span class=\"wpforms-required-label\" aria-hidden=\"true\">*<\/span><\/label><textarea id=\"wpforms-876-field_2\" class=\"wpforms-field-medium wpforms-field-required\" name=\"wpforms[fields][2]\" aria-errormessage=\"wpforms-876-field_2-error\" required><\/textarea><\/div><\/div><!-- .wpforms-field-container --><div class=\"wpforms-recaptcha-container wpforms-is-hcaptcha\" ><div class=\"h-captcha\" data-sitekey=\"5971f798-7882-403c-987f-1985a98b60df\"><\/div><input type=\"text\" name=\"g-recaptcha-hidden\" class=\"wpforms-recaptcha-hidden\" style=\"position:absolute!important;clip:rect(0,0,0,0)!important;height:1px!important;width:1px!important;border:0!important;overflow:hidden!important;padding:0!important;margin:0!important;\" data-rule-hcaptcha=\"1\"><\/div><div class=\"wpforms-submit-container\" ><input type=\"hidden\" name=\"wpforms[id]\" value=\"876\"><input type=\"hidden\" name=\"page_title\" value=\"\"><input type=\"hidden\" name=\"page_url\" value=\"https:\/\/proabit.com\/fi\/wp-json\/wp\/v2\/pages\/1305\"><input type=\"hidden\" name=\"url_referer\" value=\"\"><button type=\"submit\" name=\"wpforms[submit]\" id=\"wpforms-submit-876\" class=\"wpforms-submit\" data-alt-text=\"Sending...\" data-submit-text=\"Submit\" aria-live=\"assertive\" value=\"wpforms-submit\">Submit<\/button><img loading=\"lazy\" decoding=\"async\" src=\"https:\/\/proabit.com\/wp-content\/plugins\/wpforms-lite\/assets\/images\/submit-spin.svg\" class=\"wpforms-submit-spinner\" style=\"display: none;\" width=\"26\" height=\"26\" alt=\"Loading\"><\/div><\/form><\/div>  <!-- .wpforms-container -->","protected":false},"excerpt":{"rendered":"<p>YHTEYSTIEDOT Osoitetiedot Toimisto 96909, PO Box 6945, W1A 6US, Lontoo, Yhdistynyt kuningaskunta. Usein kysytyt kysymykset Ota yhteytt\u00e4<\/p>\n","protected":false},"author":1,"featured_media":0,"parent":0,"menu_order":0,"comment_status":"closed","ping_status":"closed","template":"","meta":{"footnotes":""},"class_list":["post-1305","page","type-page","status-publish","hentry"],"_links":{"self":[{"href":"https:\/\/proabit.com\/fi\/wp-json\/wp\/v2\/pages\/1305","targetHints":{"allow":["GET"]}}],"collection":[{"href":"https:\/\/proabit.com\/fi\/wp-json\/wp\/v2\/pages"}],"about":[{"href":"https:\/\/proabit.com\/fi\/wp-json\/wp\/v2\/types\/page"}],"author":[{"embeddable":true,"href":"https:\/\/proabit.com\/fi\/wp-json\/wp\/v2\/users\/1"}],"replies":[{"embeddable":true,"href":"https:\/\/proabit.com\/fi\/wp-json\/wp\/v2\/comments?post=1305"}],"version-history":[{"count":1,"href":"https:\/\/proabit.com\/fi\/wp-json\/wp\/v2\/pages\/1305\/revisions"}],"predecessor-version":[{"id":1306,"href":"https:\/\/proabit.com\/fi\/wp-json\/wp\/v2\/pages\/1305\/revisions\/1306"}],"wp:attachment":[{"href":"https:\/\/proabit.com\/fi\/wp-json\/wp\/v2\/media?parent=1305"}],"curies":[{"name":"wp","href":"https:\/\/api.w.org\/{rel}","templated":true}]}}