{"id":1274,"date":"2022-09-10T16:00:26","date_gmt":"2022-09-10T16:00:26","guid":{"rendered":"https:\/\/proabit.com\/tietosuojakaytanto\/"},"modified":"2024-07-25T21:36:45","modified_gmt":"2024-07-25T21:36:45","slug":"tietosuojakaytanto","status":"publish","type":"page","link":"https:\/\/proabit.com\/fi\/tietosuojakaytanto\/","title":{"rendered":"Yksityisyys"},"content":{"rendered":"\n<h1 class=\"wp-block-heading\">Proabitin tietosuojak\u00e4yt\u00e4nt\u00f6<\/h1>\n\n<p>Jos tarkastelet t\u00e4m\u00e4n asiakirjan muuta kuin englanninkielist\u00e4 versiota, tarkastelet automaattisesti k\u00e4\u00e4nnetty\u00e4 ei-sitovaa versiota, ja sinun tulisi aina viitata alkuper\u00e4iseen englanninkieliseen asiakirjaan, joka l\u00f6ytyy osoitteesta www.proabit.com\/privacy-policy\/ .\nAsiakirjan k\u00e4\u00e4nnettyj\u00e4 versioita ei pidet\u00e4 sitovina sopimuksina. <\/p>\n\n<h2 class=\"wp-block-heading\">1. Keit\u00e4 me olemme<\/h2>\n\n<p>Olemme Proabit Ltd. (Proabit Oy, FI32740978) ja verkkosivujemme osoitteet ovat: https:\/\/proabit.com, https:\/\/my.proabit.com, https:\/\/myproabit.com, https:\/\/prb.cx ja https:\/\/prp.cx.<\/p>\n\n<h2 class=\"wp-block-heading\">2. Mit\u00e4 ker\u00e4\u00e4mme ja tallennamme ja miten k\u00e4yt\u00e4mme tietojasi?<\/h2>\n\n<p>Kun vierailet sivustollamme, seuraamme:<\/p>\n\n<ul class=\"wp-block-list\">\n<li>Katselemasi tuotteet: k\u00e4yt\u00e4mme t\u00e4t\u00e4 esimerkiksi n\u00e4ytt\u00e4m\u00e4\u00e4n sinulle \u00e4skett\u00e4in katselemasi tuotteet.<\/li>\n\n\n\n<li>Sijainti, IP-osoite ja selaimen tyyppi: k\u00e4yt\u00e4mme n\u00e4it\u00e4 tietoja esimerkiksi verojen ja toimituksen arvioimiseen.<\/li>\n\n\n\n<li>Toimitusosoite: pyyd\u00e4mme sinua antamaan t\u00e4m\u00e4n, jotta voimme esimerkiksi arvioida toimituskustannukset ennen tilauksen tekemist\u00e4 ja l\u00e4hett\u00e4\u00e4 tilauksen sinulle!<\/li>\n<\/ul>\n\n<p>K\u00e4yt\u00e4mme ev\u00e4steit\u00e4 my\u00f6s ostoskorin sis\u00e4ll\u00f6n seuraamiseen, kun selaat sivustoamme. Tallennamme my\u00f6s kommentit tai arvostelut, jos p\u00e4\u00e4t\u00e4t j\u00e4tt\u00e4\u00e4 niit\u00e4.<\/p>\n\n<p>Kun ostat meilt\u00e4, luot tilin tai osallistut palveluihimme, pyyd\u00e4mme sinua antamaan henkil\u00f6kohtaisia tunnistetietoja, kuten nimesi, laskutusosoitteesi, s\u00e4hk\u00f6postiosoitteesi, puhelinnumerosi, luottokortti-\/maksutietosi ja tilitietosi, kuten k\u00e4ytt\u00e4j\u00e4tunnuksen ja salasanan. K\u00e4yt\u00e4mme tietoja palveluiden ja kassan t\u00e4ytt\u00e4miseen tulevia tilauksia varten.<\/p>\n\n<p>Tilausten ja palveluiden aikana sinulta saatetaan kysy\u00e4 valinnaisia lis\u00e4tietoja palvelun toteuttamisesta. Kysymysten avulla palveluita voidaan mukauttaa paremmin tarpeisiisi ja seurata k\u00e4ytt\u00e4ytymist\u00e4si palvelun aikana. N\u00e4it\u00e4 tietoja k\u00e4ytet\u00e4\u00e4n palveluiden toteuttamiseen, ja ne voivat sis\u00e4lt\u00e4\u00e4 seuraavia tietoja:<\/p>\n\n<ul class=\"wp-block-list\">\n<li>Ik\u00e4si tai ik\u00e4ryhm\u00e4si<\/li>\n\n\n\n<li>Sukupuolesi<\/li>\n\n\n\n<li>Vastaukset kyselylomakkeisiin, jotka koskevat motivaatiota ja palveluihin liittyvi\u00e4 k\u00e4yt\u00e4nt\u00f6j\u00e4.<\/li>\n\n\n\n<li>Maasi, osavaltiosi ja kaupunkisi<\/li>\n<\/ul>\n\n<p>K\u00e4sittelemme henkil\u00f6tietojasi palvelujen k\u00e4ytt\u00e4miseksi, tarjoamiseksi ja parantamiseksi, mukaan lukien, mutta ei rajoittuen:<\/p>\n\n<ul class=\"wp-block-list\">\n<li>l\u00e4hett\u00e4\u00e4 sinulle tietoja tilist\u00e4si ja tilauksestasi<\/li>\n\n\n\n<li>vastata pyynt\u00f6ihisi, mukaan lukien palautukset ja valitukset.<\/li>\n\n\n\n<li>K\u00e4sittele maksut ja ehk\u00e4ise petokset<\/li>\n\n\n\n<li>k\u00e4ytt\u00e4jien turvallisuuden suojaaminen, esimerkiksi petosten est\u00e4minen ja havaitseminen.<\/li>\n\n\n\n<li>M\u00e4\u00e4rit\u00e4 tilisi myym\u00e4l\u00e4\u00e4mme ja palveluumme varten<\/li>\n\n\n\n<li>Noudatamme kaikkia lakis\u00e4\u00e4teisi\u00e4 velvoitteita, kuten verojen laskemista.<\/li>\n\n\n\n<li>Parannamme myym\u00e4l\u00e4tarjontaamme<\/li>\n\n\n\n<li>yhteydenpito k\u00e4ytt\u00e4jiin ja yhteydenpito k\u00e4ytt\u00e4jien kanssa palveluista esim. puhelimitse, s\u00e4hk\u00f6postitse, chatin kautta ja k\u00e4ytt\u00e4jien kyselyihin vastaaminen.<\/li>\n\n\n\n<li>L\u00e4het\u00e4 sinulle jatkuvasti s\u00e4hk\u00f6posti- ja tekstiviestimuistutuksia siit\u00e4, ett\u00e4 olet tilannut palvelun.<\/li>\n\n\n\n<li>l\u00e4hett\u00e4\u00e4 sinulle suorituskyky\u00e4si koskevia analyysej\u00e4<\/li>\n\n\n\n<li>l\u00e4hett\u00e4\u00e4 sinulle markkinointiviestej\u00e4, jos haluat vastaanottaa niit\u00e4.<\/li>\n\n\n\n<li>Palveluiden personointi, esim. k\u00e4ytt\u00e4j\u00e4n kiinnostuksen kohteiden tunnistaminen ja palveluiden suosittelu.<\/li>\n\n\n\n<li>Sis\u00e4iset tarkoitukset, esim. vianm\u00e4\u00e4ritys, tietojen analysointi, testaus ja tilastolliset tarkoitukset.<\/li>\n<\/ul>\n\n<p>Emme k\u00e4yt\u00e4 henkil\u00f6tietoja muuhun kuin palveluiden toteuttamiseen tarvittavaan tarkoitukseen.<\/p>\n\n<p>Kaliforniassa, Yhdysvalloissa, asuvien k\u00e4ytt\u00e4jien on huomattava, ett\u00e4 noudatamme aina kaikkia sovellettavia tietosuojalakeja (mukaan lukien CCPA ja CPRA) ja k\u00e4sittelemme henkil\u00f6tietoja vain k\u00e4ytt\u00e4j\u00e4n puolesta.<\/p>\n\n<p>Palvelujamme ei ole tarkoitettu lapsille. Alle 18-vuotiaat voivat k\u00e4ytt\u00e4\u00e4 palveluja vain vanhempien tai huoltajan l\u00e4sn\u00e4ollessa.<\/p>\n\n<h2 class=\"wp-block-heading\">3. Miten s\u00e4ilyt\u00e4mme tietojasi?<\/h2>\n\n<p>S\u00e4ilyt\u00e4mme tiedot turvallisesti ja valvomme jatkuvasti, jotta voimme varmistaa verkkosivuston ja palveluidemme turvallisen ja esteett\u00f6m\u00e4n k\u00e4yt\u00f6n mahdollisilta haittaohjelmilta ja k\u00e4ytt\u00e4jien henkil\u00f6tietojen mahdolliselta mielivaltaiselta k\u00e4yt\u00f6lt\u00e4.<\/p>\n\n<p>Euroopan unionin kuluttajien osalta kaikki tiedot tallennetaan ja k\u00e4sitell\u00e4\u00e4n EU\/ETA-alueella sijaitsevilla palvelimilla.  <\/p>\n\n<p>K\u00e4yt\u00e4mme kolmannen osapuolen palveluntarjoajia viestint\u00e4\u00e4n ja muistutuksiin s\u00e4hk\u00f6postitse ja tekstiviesteill\u00e4. Kolmannen osapuolen palveluntarjoajien k\u00e4ytt\u00f6 voi sis\u00e4lt\u00e4\u00e4 kansainv\u00e4lisi\u00e4 tiedonsiirtoja EU\/ETA-alueen ja Yhdysvaltojen v\u00e4lill\u00e4. T\u00e4llaiset tiedonsiirrot sis\u00e4lt\u00e4v\u00e4t henkil\u00f6kohtaisia tunnistetietoja, kuten s\u00e4hk\u00f6postiosoitteen, puhelinnumeron ja muita tietoja, kuten etunimen, viestien toimituksen metatiedot, tiedot muistutetuista aiheista, mitattavien muistutuspalvelujen raportoidut yhteenvetomittarit ja mahdolliset tiedot, jotka annat vastaamalla tekstiviesteill\u00e4 kyselyihimme. Kolmannen osapuolen tietoihin liittyen katso Sendgridin ja Twilion tietosuojalis\u00e4ys, jota sovelletaan: <a href=\"https:\/\/www.twilio.com\/en-us\/legal\/data-protection-addendum\">https:\/\/www.twilio.com\/en-us\/legal\/data-protection-addendum<\/a>.<\/p>\n\n<p>Kaikkien EU\/ETA-alueiden ulkopuolisten kuluttajien tietoja tallennetaan ja k\u00e4sitell\u00e4\u00e4n EU\/ETA-alueella, Yhdistyneess\u00e4 kuningaskunnassa ja Pohjois-Amerikassa sijaitsevilla palvelimilla, mukaan lukien n\u00e4ill\u00e4 alueilla toimivat kolmannen osapuolen palveluntarjoajat.<\/p>\n\n<p>Olemme ryhtyneet asianmukaisiin teknisiin ja organisatorisiin toimenpiteisiin suojellaksemme k\u00e4ytt\u00e4jist\u00e4 ker\u00e4\u00e4mi\u00e4mme tietoja katoamiselta, v\u00e4\u00e4rink\u00e4yt\u00f6lt\u00e4, luvattomalta k\u00e4yt\u00f6lt\u00e4, paljastamiselta, muuttamiselta, tuhoamiselta ja kaikenlaiselta muulta luvattomalta k\u00e4sittelylt\u00e4. Sinun on kuitenkin syyt\u00e4 olla tietoinen siit\u00e4, ett\u00e4 mik\u00e4\u00e4n tietoturvatoimenpide ei voi taata 100-prosenttista turvallisuutta. Emme ole vastuussa mist\u00e4\u00e4n menetyksist\u00e4 tai vahingoista, joita k\u00e4ytt\u00e4j\u00e4lle voi aiheutua ep\u00e4onnistuneiden ponnistelujen seurauksena, ja korostetaan, ett\u00e4 k\u00e4ytt\u00e4j\u00e4 on velvollinen toteuttamaan kaikki tarvittavat turvatoimet ja suojaamaan j\u00e4rjestelm\u00e4\u00e4 ja tili\u00e4\u00e4n. Kaikki sen ennaltaehk\u00e4isy-, torjunta- ja tiedotustoimet on kuitenkin yhdenmukaistettu yleisen tietosuoja-asetuksen ja asiaa koskevan kansallisen lains\u00e4\u00e4d\u00e4nn\u00f6n kanssa.<\/p>\n\n<p>Toteutamme tarvittavat varotoimet teknisell\u00e4 ja organisatorisella tasolla ja teemme jatkuvasti ja jatkuvasti teknisi\u00e4 p\u00e4ivityksi\u00e4 ohjelmiimme ja j\u00e4rjestelmiimme est\u00e4\u00e4kseen henkil\u00f6tietojesi katoamisen, v\u00e4\u00e4rink\u00e4yt\u00f6n tai vahingoittumisen, olipa kyseess\u00e4 kolmannen osapuolen ulkopuolinen toimenpide tai tekninen tai mekaaninen vika. Kaikki antamasi henkil\u00f6tiedot tallennetaan turvallisille (salasanalla suojatuille &#8211; ja palomuurilla suojatuille) palvelimille. Olet vastuussa k\u00e4ytt\u00e4m\u00e4si salasanan luottamuksellisuudesta; emme kysy salasanaasi (paitsi jos kirjaudut sivustollemme).<\/p>\n\n<h2 class=\"wp-block-heading\">4. Kuinka kauan s\u00e4ilyt\u00e4mme tietojasi<\/h2>\n\n<p>Tallennamme my\u00f6s verkkosivustollemme tai palveluihimme rekister\u00f6ityneiden k\u00e4ytt\u00e4jien antamat henkil\u00f6tiedot heid\u00e4n k\u00e4ytt\u00e4j\u00e4profiiliinsa. Kaikki k\u00e4ytt\u00e4j\u00e4t voivat n\u00e4hd\u00e4 ja muokata henkil\u00f6kohtaisia tietojaan milloin tahansa (paitsi ett\u00e4 he eiv\u00e4t voi muuttaa k\u00e4ytt\u00e4j\u00e4tunnustaan). Verkkosivuston yll\u00e4pit\u00e4j\u00e4t voivat my\u00f6s n\u00e4hd\u00e4 ja muokata n\u00e4it\u00e4 tietoja.<\/p>\n\n<p>S\u00e4ilyt\u00e4mme sinua koskevia tietoja yleens\u00e4 niin kauan kuin tarvitsemme tietoja niihin tarkoituksiin, joihin ker\u00e4\u00e4mme ja k\u00e4yt\u00e4mme niit\u00e4, eik\u00e4 meill\u00e4 ole lakis\u00e4\u00e4teist\u00e4 velvollisuutta s\u00e4ilytt\u00e4\u00e4 niit\u00e4 edelleen. S\u00e4ilyt\u00e4mme esimerkiksi tilaustietoja 6 vuotta vero- ja kirjanpitotarkoituksiin. N\u00e4ihin kuuluvat nimesi, s\u00e4hk\u00f6postiosoitteesi sek\u00e4 laskutus- ja toimitusosoitteesi.<\/p>\n\n<h2 class=\"wp-block-heading\">5. Mit\u00e4 oikeuksia sinulla on tietojesi suhteen<\/h2>\n\n<p>Jos sinulla on tili t\u00e4ll\u00e4 sivustolla tai palvelussamme, voit pyyt\u00e4\u00e4, ett\u00e4 sinulle toimitetaan viety tiedosto sinusta hallussamme olevista henkil\u00f6tiedoista, mukaan lukien kaikki meille antamasi tiedot. Voit my\u00f6s pyyt\u00e4\u00e4, ett\u00e4 poistamme hallussamme olevat henkil\u00f6tietosi. T\u00e4m\u00e4 ei koske tietoja, jotka meid\u00e4n on s\u00e4ilytett\u00e4v\u00e4 hallinnollisista, oikeudellisista tai turvallisuussyist\u00e4. Voit ottaa yhteytt\u00e4 henkil\u00f6tietosuojaviranomaiseen osoitteesta: gdpr (at) &#8221;ourcompanyname&#8221;.com.<\/p>\n\n<h2 class=\"wp-block-heading\">6. Kenell\u00e4 tiimiss\u00e4mme on p\u00e4\u00e4sy<\/h2>\n\n<p>Tiimimme j\u00e4senill\u00e4 on p\u00e4\u00e4sy meille antamiisi tietoihin. Esimerkiksi sek\u00e4 yll\u00e4pit\u00e4j\u00e4t ett\u00e4 myym\u00e4l\u00e4p\u00e4\u00e4llik\u00f6t voivat k\u00e4ytt\u00e4\u00e4:<\/p>\n\n<ul class=\"wp-block-list\">\n<li>tilaustiedot, kuten mit\u00e4 ostettiin, milloin se ostettiin ja minne se pit\u00e4isi l\u00e4hett\u00e4\u00e4, ja<\/li>\n\n\n\n<li>Asiakastiedot, kuten nimi, s\u00e4hk\u00f6postiosoite ja laskutustiedot.<\/li>\n<\/ul>\n\n<p>Tiimimme j\u00e4senill\u00e4 on p\u00e4\u00e4sy n\u00e4ihin tietoihin, jotta he voivat auttaa tilausten t\u00e4ytt\u00e4misess\u00e4, palautusten k\u00e4sittelyss\u00e4 ja sinun tukemisessasi.<\/p>\n\n<h2 class=\"wp-block-heading\">7. Mit\u00e4 jaamme muiden kanssa<\/h2>\n\n<p>Ker\u00e4\u00e4mme tietoja sinusta kauppamme kassaprosessin aikana. Vierailijoiden kommentit voidaan tarkistaa automaattisen roskapostin havaitsemispalvelun avulla. Jaamme tietoja kolmansille osapuolille, jotka auttavat meit\u00e4 tarjoamaan tilauksia ja myym\u00e4l\u00e4palveluita sinulle.<\/p>\n\n<p>Saatamme joutua s\u00e4ilytt\u00e4m\u00e4\u00e4n tai luovuttamaan henkil\u00f6tietoja, jotta voimme<\/p>\n\n<ul class=\"wp-block-list\">\n<li>Noudattaa sovellettavia lakeja tai asetuksia<\/li>\n\n\n\n<li>noudattamaan tuomioistuimen m\u00e4\u00e4r\u00e4yst\u00e4, haastetta tai muuta oikeudellista menettely\u00e4.<\/li>\n\n\n\n<li>vastaaminen valtion viranomaisen, lainvalvontaviranomaisen tai vastaavan valtion elimen lailliseen pyynt\u00f6\u00f6n riippumatta siit\u00e4, sijaitseeko se k\u00e4ytt\u00e4j\u00e4n laink\u00e4ytt\u00f6alueella vai muualla.<\/li>\n\n\n\n<li>ottaa yhteytt\u00e4 kolmannen osapuolen palveluntarjoajiin ja\/tai alihankkijoihin, jotka tarjoavat palveluita liiketoimintaamme varten; luettelon n\u00e4ist\u00e4 saa pyydett\u00e4ess\u00e4.<\/li>\n\n\n\n<li>luovuttaa kolmansille osapuolille yhdistettyj\u00e4 tai tunnistamattomia tietoja k\u00e4ytt\u00e4jist\u00e4 markkinointia, mainontaa, tutkimusta tai muita tarkoituksia varten.<\/li>\n\n\n\n<li>luovuttaa ja\/tai siirt\u00e4\u00e4 tietoja toiselle yritykselle, jos yritys hankkii toisen yrityksen tai sulautuu siihen, jos yritys myy tai siirt\u00e4\u00e4 liiketoimintayksik\u00f6n tai omaisuutta toiselle yritykselle, osana konkurssimenettely\u00e4 tai osana muuta vastaavaa liiketoiminnan siirtoa.<\/li>\n\n\n\n<li>Uskomme, ett\u00e4 tietojen luovuttaminen on tarpeen lain noudattamiseksi, k\u00e4ytt\u00f6ehtojen ja muiden sopimusten valvomiseksi tai soveltamiseksi tai yrityksemme, k\u00e4ytt\u00e4jien tai muiden henkil\u00f6iden oikeuksien, omaisuuden tai turvallisuuden suojaamiseksi. T\u00e4h\u00e4n sis\u00e4ltyy tietojen vaihtaminen muiden yritysten ja organisaatioiden kanssa petosten ehk\u00e4isemiseksi ja havaitsemiseksi sek\u00e4 luottoriskien v\u00e4hent\u00e4miseksi.<\/li>\n\n\n\n<li>Kun jaamme k\u00e4ytt\u00e4j\u00e4n tietoja kolmansien osapuolten kanssa edell\u00e4 mainitulla tavalla, vaadimme, ett\u00e4 vastaanottajat sitoutuvat k\u00e4ytt\u00e4m\u00e4\u00e4n heid\u00e4n kanssaan jakamiamme henkil\u00f6tietoja ainoastaan sopimusm\u00e4\u00e4r\u00e4ysten mukaisesti ja ainoastaan niihin tarkoituksiin, jotka olemme m\u00e4\u00e4ritelleet t\u00e4m\u00e4n tietosuojak\u00e4yt\u00e4nn\u00f6n mukaisesti.<\/li>\n<\/ul>\n\n<p>T\u00e4ten selvitet\u00e4\u00e4n, ett\u00e4 emme jaa mit\u00e4\u00e4n tuotteita ja palveluja koskevia k\u00e4ytt\u00e4j\u00e4tietoja mink\u00e4\u00e4n<sup>kolmannen<\/sup> osapuolen ohjelmistolisenssin tarjoajan kanssa, ellei k\u00e4ytt\u00e4j\u00e4 ole suostunut tietojen luovuttamiseen ostaessaan kyseisi\u00e4 tuotteita ja palveluja.<\/p>\n\n<h2 class=\"wp-block-heading\">8. Maksut<\/h2>\n\n<p>Hyv\u00e4ksymme maksut PayPalin, Stripen ja Woocommerce Paymentsin kautta. Kun maksuja k\u00e4sitell\u00e4\u00e4n PayPalin kautta, osa tiedoistasi v\u00e4litet\u00e4\u00e4n PayPalille, mukaan lukien maksun k\u00e4sittelyyn tai tukemiseen tarvittavat tiedot, kuten ostoksen loppusumma ja laskutustiedot. Lis\u00e4tietoja on <a href=\"https:\/\/www.paypal.com\/us\/webapps\/mpp\/ua\/privacy-full\">PayPalin tietosuojak\u00e4yt\u00e4nn\u00f6ss\u00e4<\/a>. Kun k\u00e4sittelet maksuja Stripen kautta, saatat tallentaa henkil\u00f6tietoja tai jakaa tietoja ulkoisen palvelun kanssa. Katso lis\u00e4tietoja <a href=\"https:\/\/stripe.com\/gb\/privacy\">Stripen tietosuojak\u00e4yt\u00e4nn\u00f6st\u00e4<\/a>.<\/p>\n\n<p>Kun maksuja k\u00e4sitell\u00e4\u00e4n maksupalveluntarjoajien, kuten PayPalin tai Stripen, kautta, niiden kanssa jaettuja tietoja ovat muun muassa:<\/p>\n\n<ul class=\"wp-block-list\">\n<li>Nimi<\/li>\n\n\n\n<li>S\u00e4hk\u00f6posti<\/li>\n\n\n\n<li>Osoite<\/li>\n\n\n\n<li>Puhelin<\/li>\n\n\n\n<li>Kaupunki\/valtio\/sip<\/li>\n\n\n\n<li>Maksun yksil\u00f6llinen tunniste<\/li>\n\n\n\n<li>Maksupalveluntarjoajan tunniste<\/li>\n<\/ul>\n\n<h2 class=\"wp-block-heading\">9. Ev\u00e4steet<\/h2>\n\n<p>Jos vierailet kirjautumissivuillamme, asetamme v\u00e4liaikaiset ev\u00e4steet m\u00e4\u00e4ritt\u00e4\u00e4ksemme, hyv\u00e4ksyyk\u00f6 selaimesi ev\u00e4steet. T\u00e4m\u00e4 ev\u00e4ste ei sis\u00e4ll\u00e4 henkil\u00f6tietoja, ja se h\u00e4vitet\u00e4\u00e4n, kun suljet selaimesi.<\/p>\n\n<p>Kun kirjaudut sis\u00e4\u00e4n, asetamme my\u00f6s useita ev\u00e4steit\u00e4 tallentaaksemme kirjautumistietosi ja n\u00e4yt\u00f6n n\u00e4ytt\u00f6valintasi. Sis\u00e4\u00e4nkirjautumisev\u00e4steet s\u00e4ilyv\u00e4t kaksi p\u00e4iv\u00e4\u00e4, ja n\u00e4ytt\u00f6asetusten ev\u00e4steet s\u00e4ilyv\u00e4t vuoden. Jos valitset &#8221;Muista minut&#8221;, kirjautumisesi s\u00e4ilyy kaksi viikkoa. Jos kirjaudut ulos tililt\u00e4si, kirjautumisev\u00e4steet poistetaan.<\/p>\n\n<p>Jos muokkaat tai julkaiset artikkelin, selaimeesi tallennetaan toinen ev\u00e4ste. T\u00e4m\u00e4 ev\u00e4ste ei sis\u00e4ll\u00e4 henkil\u00f6tietoja, vaan se ilmoittaa vain juuri muokkaamasi artikkelin postitustunnuksen. Se vanhenee 1 p\u00e4iv\u00e4n kuluttua.<\/p>\n\n<p>WooCommerce Multilingual &amp; Multicurrency k\u00e4ytt\u00e4\u00e4 ev\u00e4steit\u00e4 korin tietojen ymm\u00e4rt\u00e4miseen, kun k\u00e4ytet\u00e4\u00e4n kieli\u00e4 verkkotunnuksissa, ja tietojen siirt\u00e4miseen verkkotunnusten v\u00e4lill\u00e4.<\/p>\n\n<p>WooCommerce Multilingual &amp; Multicurrency k\u00e4ytt\u00e4\u00e4 ev\u00e4steit\u00e4 my\u00f6s kunkin asiakkaan tilauksen kielen ja valuutan sek\u00e4 WooCommercen luomien raporttien valuutan tunnistamiseen. WooCommerce Multilingual laajentaa n\u00e4it\u00e4 raportteja lis\u00e4\u00e4m\u00e4ll\u00e4 valuutan tiedot.<\/p>\n\n<p>Lis\u00e4tietoja saat ev\u00e4stek\u00e4yt\u00e4nn\u00f6st\u00e4mme https:\/\/proabit.com\/cookie-policy-eu.<\/p>\n\n<h2 class=\"wp-block-heading\">10. Muiden verkkosivustojen upotettu sis\u00e4lt\u00f6<\/h2>\n\n<p>T\u00e4m\u00e4n sivuston artikkelit voivat sis\u00e4lt\u00e4\u00e4 upotettua sis\u00e4lt\u00f6\u00e4 (esim. videoita, kuvia, artikkeleita jne.). Muiden verkkosivustojen upotettu sis\u00e4lt\u00f6 k\u00e4ytt\u00e4ytyy t\u00e4sm\u00e4lleen samalla tavalla kuin jos k\u00e4vij\u00e4 olisi vieraillut toisella verkkosivustolla.<\/p>\n\n<p>N\u00e4m\u00e4 verkkosivustot voivat ker\u00e4t\u00e4 tietoja sinusta, k\u00e4ytt\u00e4\u00e4 ev\u00e4steit\u00e4, upottaa kolmannen osapuolen lis\u00e4seurantaa ja seurata vuorovaikutustasi upotetun sis\u00e4ll\u00f6n kanssa, mukaan lukien vuorovaikutuksen seuraaminen upotetun sis\u00e4ll\u00f6n kanssa, jos sinulla on tili ja olet kirjautunut sis\u00e4\u00e4n kyseiselle verkkosivustolle.<\/p>\n\n<h2 class=\"wp-block-heading\">11. Markkinointi<\/h2>\n\n<p>Haluamme l\u00e4hett\u00e4\u00e4 sinulle tietoa tuotteistamme ja palveluistamme, joista uskomme sinun pit\u00e4v\u00e4n.<\/p>\n\n<p>Jos olet suostunut vastaanottamaan markkinointia, voit aina kielt\u00e4yty\u00e4 siit\u00e4 my\u00f6hemmin.<\/p>\n\n<p>Sinulla on milloin tahansa oikeus est\u00e4\u00e4 yrityst\u00e4mme ottamasta sinuun yhteytt\u00e4 markkinointitarkoituksessa.<\/p>\n\n<p>Jos et en\u00e4\u00e4 halua, ett\u00e4 sinuun otetaan yhteytt\u00e4 markkinointitarkoituksiin, p\u00e4ivit\u00e4 tilisi asetukset tai ota meihin yhteytt\u00e4 osoitteeseen https:\/\/proabit.com\/contact.<\/p>\n\n<h2 class=\"wp-block-heading\">12. Muut<\/h2>\n\n<p>Jos pyyd\u00e4t salasanan palauttamista, IP-osoitteesi saatetaan sis\u00e4llytt\u00e4\u00e4 palautuss\u00e4hk\u00f6postiin.<\/p>\n\n<p>Tutustu my\u00f6s k\u00e4ytt\u00f6ehtoihin osoitteessa https:\/\/proabit.com\/terms-of-use.<\/p>\n\n<h2 class=\"wp-block-heading\">13. Ota yhteytt\u00e4<\/h2>\n\n<p>Jos sinulla on kysytt\u00e4v\u00e4\u00e4 t\u00e4st\u00e4 tietosuojak\u00e4yt\u00e4nn\u00f6st\u00e4, voit ottaa meihin yhteytt\u00e4:<\/p>\n\n<ul class=\"wp-block-list\">\n<li>Vierailemalla t\u00e4ll\u00e4 sivulla verkkosivuillamme: <a href=\"https:\/\/proabit.com\/fi\/\">https:\/\/proabit.com<\/a><\/li>\n\n\n\n<li>Ottamalla meihin yhteytt\u00e4 osoitteessa <a href=\"https:\/\/proabit.com\/fi\/ota-yhteytta\/\">https:\/\/proabit.com\/contact\/<\/a><\/li>\n\n\n\n<li>Yhteydenotto tietosuojaviranomaiseen osoitteesta: gdpr (at) &#8221;ourcompanyname&#8221;.com.<\/li>\n<\/ul>\n\n<p>Tietosuojak\u00e4yt\u00e4nt\u00f6mme p\u00e4ivitettiin viimeksi huhtikuussa 2024.<\/p>\n","protected":false},"excerpt":{"rendered":"<p>Proabitin tietosuojak\u00e4yt\u00e4nt\u00f6 Jos tarkastelet t\u00e4m\u00e4n asiakirjan muuta kuin englanninkielist\u00e4 versiota, tarkastelet automaattisesti k\u00e4\u00e4nnetty\u00e4 ei-sitovaa versiota, ja sinun tulisi aina viitata alkuper\u00e4iseen englanninkieliseen asiakirjaan, joka l\u00f6ytyy osoitteesta www.proabit.com\/privacy-policy\/ . Asiakirjan k\u00e4\u00e4nnettyj\u00e4 versioita ei pidet\u00e4 sitovina sopimuksina. 1. Keit\u00e4 me olemme Olemme Proabit Ltd. (Proabit Oy, FI32740978) ja verkkosivujemme osoitteet ovat: https:\/\/proabit.com, https:\/\/my.proabit.com, https:\/\/myproabit.com, https:\/\/prb.cx ja https:\/\/prp.cx. [&#8230;]\n","protected":false},"author":1,"featured_media":0,"parent":0,"menu_order":0,"comment_status":"closed","ping_status":"closed","template":"","meta":{"footnotes":""},"class_list":["post-1274","page","type-page","status-publish","hentry"],"_links":{"self":[{"href":"https:\/\/proabit.com\/fi\/wp-json\/wp\/v2\/pages\/1274","targetHints":{"allow":["GET"]}}],"collection":[{"href":"https:\/\/proabit.com\/fi\/wp-json\/wp\/v2\/pages"}],"about":[{"href":"https:\/\/proabit.com\/fi\/wp-json\/wp\/v2\/types\/page"}],"author":[{"embeddable":true,"href":"https:\/\/proabit.com\/fi\/wp-json\/wp\/v2\/users\/1"}],"replies":[{"embeddable":true,"href":"https:\/\/proabit.com\/fi\/wp-json\/wp\/v2\/comments?post=1274"}],"version-history":[{"count":3,"href":"https:\/\/proabit.com\/fi\/wp-json\/wp\/v2\/pages\/1274\/revisions"}],"predecessor-version":[{"id":1581,"href":"https:\/\/proabit.com\/fi\/wp-json\/wp\/v2\/pages\/1274\/revisions\/1581"}],"wp:attachment":[{"href":"https:\/\/proabit.com\/fi\/wp-json\/wp\/v2\/media?parent=1274"}],"curies":[{"name":"wp","href":"https:\/\/api.w.org\/{rel}","templated":true}]}}