{"id":1685,"date":"2024-11-30T19:56:36","date_gmt":"2024-11-30T19:56:36","guid":{"rendered":"https:\/\/proabit.com\/?post_type=product&#038;p=1685"},"modified":"2025-06-20T21:34:01","modified_gmt":"2025-06-20T21:34:01","slug":"zahneputzen-sms-intervention-copy","status":"publish","type":"product","link":"https:\/\/proabit.com\/de\/produkt\/zahneputzen-sms-intervention-copy\/","title":{"rendered":"B\u00fcrsten E-Mail \/ SMS Intervention"},"content":{"rendered":"<p><strong>Brushing SMS Intervention<\/strong> ist ein 21-t\u00e4giger Erinnerungsservice, der Sie zu einer besseren Zahnputzroutine anregen soll.<\/p>\n<p>W\u00e4hrend der 3 Wochen erhalten Sie t\u00e4glich eine SMS-Erinnerung. Wir ermutigen Sie, uns t\u00e4glich \u00fcber Ihre Erfolge beim Z\u00e4hneputzen zu berichten.<\/p>\n<p>Die Aufrechterhaltung einer guten Mundgesundheit erfordert regelm\u00e4\u00dfige Besuche bei Zahn\u00e4rzten. Die eigentliche Arbeit findet jedoch zu Hause statt. Ihre eigene Rolle beim t\u00e4glichen Z\u00e4hneputzen ist entscheidend f\u00fcr die Erhaltung Ihrer Mundgesundheit. Dieser Service soll Sie beim Z\u00e4hneputzen unterst\u00fctzen, indem er Sie regelm\u00e4\u00dfig daran erinnert.<\/p>\n<p>Der Service ist auf Englisch verf\u00fcgbar. W\u00e4hrend der Intervention k\u00f6nnen Sie die Erinnerungsfunktion von SMS auf E-Mail umstellen.<\/p>\n<p>&nbsp;<\/p>\n","protected":false},"excerpt":{"rendered":"<ul>\n<li><span data-text-color=\"primary\">St\u00e4rken Sie Ihre Gewohnheiten mit dem 21-Tage-Erinnerungsservice<\/span><\/li>\n<li><span data-text-color=\"primary\">Die Z\u00e4hne sollten zweimal am Tag geputzt werden<\/span><\/li>\n<li><span data-text-color=\"primary\">T\u00e4gliche Erinnerungen und Feedback<\/span><\/li>\n<\/ul>\n","protected":false},"featured_media":1939,"template":"","meta":[],"product_brand":[],"product_cat":[89],"product_tag":[],"class_list":{"0":"post-1685","1":"product","2":"type-product","3":"status-publish","4":"has-post-thumbnail","6":"product_cat-erinnerungen-an-das-zahneputzen","7":"pa_gift-geschenk","8":"pa_gift-personlicher-gebrauch","9":"pa_method-e-mail","10":"pa_method-sms-de","12":"first","13":"instock","14":"sold-individually","15":"taxable","16":"shipping-taxable","17":"purchasable","18":"product-type-variable","19":"has-default-attributes"},"_links":{"self":[{"href":"https:\/\/proabit.com\/de\/wp-json\/wp\/v2\/product\/1685","targetHints":{"allow":["GET"]}}],"collection":[{"href":"https:\/\/proabit.com\/de\/wp-json\/wp\/v2\/product"}],"about":[{"href":"https:\/\/proabit.com\/de\/wp-json\/wp\/v2\/types\/product"}],"wp:featuredmedia":[{"embeddable":true,"href":"https:\/\/proabit.com\/de\/wp-json\/wp\/v2\/media\/1939"}],"wp:attachment":[{"href":"https:\/\/proabit.com\/de\/wp-json\/wp\/v2\/media?parent=1685"}],"wp:term":[{"taxonomy":"product_brand","embeddable":true,"href":"https:\/\/proabit.com\/de\/wp-json\/wp\/v2\/product_brand?post=1685"},{"taxonomy":"product_cat","embeddable":true,"href":"https:\/\/proabit.com\/de\/wp-json\/wp\/v2\/product_cat?post=1685"},{"taxonomy":"product_tag","embeddable":true,"href":"https:\/\/proabit.com\/de\/wp-json\/wp\/v2\/product_tag?post=1685"}],"curies":[{"name":"wp","href":"https:\/\/api.w.org\/{rel}","templated":true}]}}