{"id":1438,"date":"2013-08-11T19:06:15","date_gmt":"2013-08-11T19:06:15","guid":{"rendered":"https:\/\/proabit.com\/ueber\/"},"modified":"2025-03-16T15:55:50","modified_gmt":"2025-03-16T15:55:50","slug":"ueber","status":"publish","type":"page","link":"https:\/\/proabit.com\/de\/ueber\/","title":{"rendered":"\u00dcber"},"content":{"rendered":"\n\n  <div class=\"banner has-hover has-parallax\" id=\"banner-1052058858\">\n          <div class=\"banner-inner fill\">\n        <div class=\"banner-bg fill\" data-parallax=\"-3\" data-parallax-container=\".banner\" data-parallax-background>\n            <img loading=\"lazy\" decoding=\"async\" width=\"1000\" height=\"650\" src=\"https:\/\/proabit.com\/wp-content\/uploads\/2016\/08\/dummy-2.jpg\" class=\"bg attachment-large size-large\" alt=\"\" \/>                        <div class=\"overlay\"><\/div>            \n                    <\/div>\n\t\t\n        <div class=\"banner-layers container\">\n            <div class=\"fill banner-link\"><\/div>            \n\n   <div id=\"text-box-858197675\" class=\"text-box banner-layer x50 md-x50 lg-x50 y95 md-y95 lg-y95 res-text\">\n                                <div class=\"text-box-content text dark\">\n              \n              <div class=\"text-inner text-center\">\n                  \n\n<h1 class=\"lead\">\u00dcber uns<\/h1>\n<p class=\"lead\">Ver\u00e4nderung ist schwer. Wir glauben, dass Erinnerungen den Wandel ein wenig weniger schwierig machen k\u00f6nnen. Kleine Angewohnheiten k\u00f6nnen entscheidende Auswirkungen auf unser Wohlbefinden haben. Die Z\u00e4hne bleiben nur sauber, wenn Sie sie zweimal am Tag mechanisch putzen.<\/p>\n<p class=\"lead\">Unsere Geschichte begann im Jahr 2024. Wir haben beschlossen, dass es an der Zeit ist, einfache Erinnerungshilfen anzubieten, die den Menschen helfen, neue Gewohnheiten zu entwickeln und ihre Ziele beizubehalten. Seit der Einf\u00fchrung unserer Erinnerungsdienste haben wir nach den praktischsten Wegen gesucht, um unsere Kunden dabei zu unterst\u00fctzen, bessere Gewohnheiten zu entwickeln und ein besseres Wohlbefinden zu erreichen.<\/p>\n\n              <\/div>\n           <\/div>\n                            \n<style>\n#text-box-858197675 {\n  width: 70%;\n}\n#text-box-858197675 .text-box-content {\n  font-size: 90%;\n}\n<\/style>\n    <\/div>\n \n\n        <\/div>\n      <\/div>\n\n            \n<style>\n#banner-1052058858 {\n  padding-top: 487px;\n}\n#banner-1052058858 .overlay {\n  background-color: rgba(0, 0, 0, 0.49);\n}\n<\/style>\n  <\/div>\n\n\n<div class=\"row\"  id=\"row-688401796\">\n\n\n\t<div id=\"col-220054620\" class=\"col small-12 large-12\"  >\n\t\t\t\t<div class=\"col-inner\"  >\n\t\t\t\n\t\t\t\n\n\n\t\t<\/div>\n\t\t\t\t\t<\/div>\n\n\t\n\n<\/div>\n\n","protected":false},"excerpt":{"rendered":"","protected":false},"author":1,"featured_media":1208,"parent":0,"menu_order":0,"comment_status":"closed","ping_status":"closed","template":"page-transparent-header-light.php","meta":{"footnotes":""},"class_list":["post-1438","page","type-page","status-publish","has-post-thumbnail","hentry"],"_links":{"self":[{"href":"https:\/\/proabit.com\/de\/wp-json\/wp\/v2\/pages\/1438","targetHints":{"allow":["GET"]}}],"collection":[{"href":"https:\/\/proabit.com\/de\/wp-json\/wp\/v2\/pages"}],"about":[{"href":"https:\/\/proabit.com\/de\/wp-json\/wp\/v2\/types\/page"}],"author":[{"embeddable":true,"href":"https:\/\/proabit.com\/de\/wp-json\/wp\/v2\/users\/1"}],"replies":[{"embeddable":true,"href":"https:\/\/proabit.com\/de\/wp-json\/wp\/v2\/comments?post=1438"}],"version-history":[{"count":2,"href":"https:\/\/proabit.com\/de\/wp-json\/wp\/v2\/pages\/1438\/revisions"}],"predecessor-version":[{"id":1782,"href":"https:\/\/proabit.com\/de\/wp-json\/wp\/v2\/pages\/1438\/revisions\/1782"}],"wp:featuredmedia":[{"embeddable":true,"href":"https:\/\/proabit.com\/de\/wp-json\/wp\/v2\/media\/1208"}],"wp:attachment":[{"href":"https:\/\/proabit.com\/de\/wp-json\/wp\/v2\/media?parent=1438"}],"curies":[{"name":"wp","href":"https:\/\/api.w.org\/{rel}","templated":true}]}}