{"id":1312,"date":"2024-01-21T10:00:10","date_gmt":"2024-01-21T10:00:10","guid":{"rendered":"https:\/\/proabit.com\/proabit-startseite\/"},"modified":"2026-01-06T19:25:52","modified_gmt":"2026-01-06T19:25:52","slug":"proabit-startseite","status":"publish","type":"page","link":"https:\/\/proabit.com\/de\/","title":{"rendered":"Proabit Startseite"},"content":{"rendered":"\n\n\t<section class=\"section\" id=\"section_1033961422\">\n\t\t<div class=\"section-bg fill\" >\n\t\t\t\t\t\t\t\t\t<div class=\"section-bg-overlay absolute fill\"><\/div>\n\t\t\t\n\t<div class=\"is-border\"\n\t\tstyle=\"border-width:1px 0px 1px 0px;\">\n\t<\/div>\n\n\t\t<\/div>\n\n\t\t\n\n\t\t<div class=\"section-content relative\">\n\t\t\t\n\n<div class=\"row row-large align-middle\"  id=\"row-38868192\">\n\n\n\t<div id=\"col-1542748212\" class=\"col medium-5 small-12 large-5\"  >\n\t\t\t\t<div class=\"col-inner\"  >\n\t\t\t\n\t\t\t\n\n\t<div id=\"text-1595251824\" class=\"text\">\n\t\t\n\n<p><span style=\"color: #000000;\"><strong><span style=\"font-size: 400%;\" data-text-color=\"primary\">Bessere Gewohnheiten, bessere Gesundheit<\/span><\/strong><\/span><\/p>\n\t\t\n<style>\n#text-1595251824 {\n  font-size: 0.8rem;\n  line-height: 1.15;\n}\n<\/style>\n\t<\/div>\n\t\n<p><span style=\"font-size: 140%;\"><strong>Proabit erinnert Sie daran, gesunde Gewohnheiten f\u00fcr eine dauerhafte positive Ver\u00e4nderung aufzubauen.<\/strong><\/span><\/p>\n<a href=\"https:\/\/proabit.com\/de\/produkt\/zahneputzen-sms-intervention-copy\/\" class=\"button primary is-large lowercase\" style=\"border-radius:99px;\">\n\t\t<span>Beginnen Sie<\/span>\n\t<\/a>\n\n\n\n\t\t<\/div>\n\t\t\t\t\t<\/div>\n\n\t\n\n\t<div id=\"col-1366488509\" class=\"col medium-7 small-12 large-7\"  >\n\t\t\t\t<div class=\"col-inner text-left\"  >\n\t\t\t\n\t\t\t\n\n\t<div class=\"img has-hover x md-x lg-x y md-y lg-y\" id=\"image_896553769\">\n\t\t\t\t\t\t\t\t<div class=\"img-inner dark\" >\n\t\t\t<img loading=\"lazy\" decoding=\"async\" width=\"366\" height=\"400\" src=\"https:\/\/proabit.com\/wp-content\/uploads\/2026\/01\/remind-366x400.jpg\" class=\"attachment-medium size-medium\" alt=\"\" srcset=\"https:\/\/proabit.com\/wp-content\/uploads\/2026\/01\/remind-366x400.jpg 366w, https:\/\/proabit.com\/wp-content\/uploads\/2026\/01\/remind-733x800.jpg 733w, https:\/\/proabit.com\/wp-content\/uploads\/2026\/01\/remind-768x839.jpg 768w, https:\/\/proabit.com\/wp-content\/uploads\/2026\/01\/remind-510x557.jpg 510w, https:\/\/proabit.com\/wp-content\/uploads\/2026\/01\/remind.jpg 1174w\" sizes=\"auto, (max-width: 366px) 100vw, 366px\" \/>\t\t\t\t\t\t\n\t\t\t\t\t<\/div>\n\t\t\t\t\t\t\t\t\n<style>\n#image_896553769 {\n  width: 46%;\n}\n<\/style>\n\t<\/div>\n\t\n\n\t<div id=\"text-1854305955\" class=\"text\">\n\t\t\n\n\n\t\t\n<style>\n#text-1854305955 {\n  font-size: 1.8rem;\n}\n<\/style>\n\t<\/div>\n\t\n\n\t\t<\/div>\n\t\t\t\t\t<\/div>\n\n\t\n\n\n<style>\n#row-38868192 > .col > .col-inner {\n  padding: 0px 0px 0px 0px;\n}\n<\/style>\n<\/div>\n\n\t\t<\/div>\n\n\t\t\n<style>\n#section_1033961422 {\n  padding-top: 20px;\n  padding-bottom: 20px;\n  background-color: rgb(231, 221, 221);\n}\n#section_1033961422 .section-bg-overlay {\n  background-color: rgba(255, 255, 255, 0.85);\n}\n<\/style>\n\t<\/section>\n\t\n\n\t<section class=\"section\" id=\"section_2060131812\">\n\t\t<div class=\"section-bg fill\" >\n\t\t\t\t\t\t\t\t\t<div class=\"section-bg-overlay absolute fill\"><\/div>\n\t\t\t\n\t<div class=\"is-border\"\n\t\tstyle=\"border-width:1px 0px 1px 0px;\">\n\t<\/div>\n\n\t\t<\/div>\n\n\t\t\n\n\t\t<div class=\"section-content relative\">\n\t\t\t\n\n<div class=\"row row-large align-middle\"  id=\"row-1878502699\">\n\n\n\t<div id=\"col-20878815\" class=\"col medium-6 small-12 large-6\"  >\n\t\t\t\t<div class=\"col-inner\"  >\n\t\t\t\n\t\t\t\n\n\t<div class=\"img has-hover x md-x lg-x y md-y lg-y\" id=\"image_401989440\">\n\t\t<a class=\"\" href=\"https:\/\/www.thelancet.com\/journals\/lancet\/article\/PIIS0140-6736(19)31146-8\/abstract\" target=\"_blank\" rel=\"noopener\" >\t\t\t\t\t\t<div class=\"img-inner box-shadow-2 dark\" >\n\t\t\t<img loading=\"lazy\" decoding=\"async\" width=\"856\" height=\"800\" src=\"https:\/\/proabit.com\/wp-content\/uploads\/2026\/01\/planet2-856x800.jpg\" class=\"attachment-large size-large\" alt=\"\" srcset=\"https:\/\/proabit.com\/wp-content\/uploads\/2026\/01\/planet2-856x800.jpg 856w, https:\/\/proabit.com\/wp-content\/uploads\/2026\/01\/planet2-428x400.jpg 428w, https:\/\/proabit.com\/wp-content\/uploads\/2026\/01\/planet2-768x718.jpg 768w, https:\/\/proabit.com\/wp-content\/uploads\/2026\/01\/planet2-1536x1436.jpg 1536w, https:\/\/proabit.com\/wp-content\/uploads\/2026\/01\/planet2-510x477.jpg 510w, https:\/\/proabit.com\/wp-content\/uploads\/2026\/01\/planet2.jpg 1600w\" sizes=\"auto, (max-width: 856px) 100vw, 856px\" \/>\t\t\t\t\t\t\n\t\t\t\t\t<\/div>\n\t\t\t\t\t\t<\/a>\t\t\n<style>\n#image_401989440 {\n  width: 100%;\n}\n<\/style>\n\t<\/div>\n\t\n\n\n\t\t<\/div>\n\t\t\t\t\t<\/div>\n\n\t\n\n\t<div id=\"col-1384258231\" class=\"col medium-6 small-12 large-6\"  >\n\t\t\t\t<div class=\"col-inner text-left\"  >\n\t\t\t\n\t\t\t\n\n\t<div id=\"text-560481794\" class=\"text\">\n\t\t\n\n<p><span style=\"font-size: 120%;\" data-text-color=\"primary\"><strong>Mundkrankheiten betreffen die H\u00e4lfte der Weltbev\u00f6lkerung &#8211; obwohl sie weitgehend vermeidbar sind<\/strong><\/span><\/p>\n\t\t\n<style>\n#text-560481794 {\n  font-size: 1.8rem;\n  line-height: 1.25;\n}\n<\/style>\n\t<\/div>\n\t\n\t<div id=\"text-421179967\" class=\"text\">\n\t\t\n\n<ul>\n<li><strong>Mundkrankheiten umfassen eine Reihe von chronischen Erkrankungen, die Z\u00e4hne und Mund von 3,5 Milliarden Menschen betreffen.  <\/strong><\/li>\n<li><strong>Unbehandelte Karies betrifft 35% und Parodontalerkrankungen 10,8% der Weltbev\u00f6lkerung.  <\/strong><\/li>\n<li><strong>M\u00fcndliche Erkrankungen haben gemeinsame Risikofaktoren mit anderen nicht \u00fcbertragbaren Krankheiten, einschlie\u00dflich sozialer und wirtschaftlicher Determinanten der Gesundheit.<\/strong><\/li>\n<\/ul>\n<p><em>Peres et al., Mundkrankheiten: eine globale Herausforderung f\u00fcr die \u00f6ffentliche Gesundheit, Lancet 2019<\/em><\/p>\n\n\t\t\n<style>\n#text-421179967 {\n  font-size: 1.05rem;\n}\n<\/style>\n\t<\/div>\n\t\n\n\t\t<\/div>\n\t\t\t\t\t<\/div>\n\n\t\n\n<\/div>\n<div class=\"row\"  id=\"row-1469678476\">\n\n\n\t<div id=\"col-202028747\" class=\"col small-12 large-12\"  >\n\t\t\t\t<div class=\"col-inner text-left\"  >\n\t\t\t\n\t\t\t\n\n\t<div id=\"text-4226950742\" class=\"text\">\n\t\t\n\n<p><a href=\"https:\/\/proabit.com\/de\/produkt\/zahneputzen-sms-intervention-copy\/\"><span style=\"font-size: 120%;\" data-text-color=\"primary\"><strong>Verst\u00e4rken Sie Ihre Gewohnheiten mit der 21-Tage-Putz-Erinnerung<\/strong><\/span><\/a><\/p>\n\t\t\n<style>\n#text-4226950742 {\n  font-size: 1.8rem;\n  line-height: 1.05;\n}\n<\/style>\n\t<\/div>\n\t\n\n\t\t<\/div>\n\t\t\t\t\n<style>\n#col-202028747 > .col-inner {\n  margin: 20px 0px -40px 0px;\n}\n<\/style>\n\t<\/div>\n\n\t\n\n<\/div>\n<div class=\"woocommerce columns-1 \"><div class=\"products row row-small has-box-vertical large-columns-1 medium-columns-1 small-columns-1\">\n<div class=\"product-small col has-hover product type-product post-1685 status-publish first instock product_cat-erinnerungen-an-das-zahneputzen has-post-thumbnail sold-individually taxable shipping-taxable purchasable product-type-variable has-default-attributes\">\n\t<div class=\"col-inner\">\n\t\n<div class=\"badge-container absolute left top z-1\">\n\n<\/div>\n\t<div class=\"product-small box box-vertical\">\n\t\t<div class=\"box-image\">\n\t\t\t<div class=\"image-zoom\">\n\t\t\t\t<a href=\"https:\/\/proabit.com\/de\/produkt\/zahneputzen-sms-intervention-copy\/\">\n\t\t\t\t\t<img loading=\"lazy\" decoding=\"async\" width=\"247\" height=\"216\" src=\"https:\/\/proabit.com\/wp-content\/uploads\/2026\/01\/brushing-247x216.jpg\" class=\"attachment-woocommerce_thumbnail size-woocommerce_thumbnail\" alt=\"B\u00fcrsten E-Mail \/ SMS Intervention\" \/>\t\t\t\t<\/a>\n\t\t\t<\/div>\n\t\t\t<div class=\"image-tools is-small top right show-on-hover\">\n\t\t\t\t\t\t\t<\/div>\n\t\t\t<div class=\"image-tools is-small hide-for-small bottom left show-on-hover\">\n\t\t\t\t\t\t\t<\/div>\n\t\t\t<div class=\"image-tools grid-tools text-center hide-for-small bottom hover-slide-in show-on-hover\">\n\t\t\t\t\t\t\t<\/div>\n\t\t\t\t\t<\/div>\n\n\t\t<div class=\"box-text box-text-products\">\n\t\t\t<div class=\"title-wrapper\"><p class=\"name product-title woocommerce-loop-product__title\"><a href=\"https:\/\/proabit.com\/de\/produkt\/zahneputzen-sms-intervention-copy\/\" class=\"woocommerce-LoopProduct-link woocommerce-loop-product__link\">B\u00fcrsten E-Mail \/ SMS Intervention<\/a><\/p><\/div><div class=\"price-wrapper\">\n\t<span class=\"price\"><span class=\"woocommerce-Price-amount amount\"><bdi>9,80&nbsp;<span class=\"woocommerce-Price-currencySymbol\">&#36;<\/span><\/bdi><\/span><\/span>\n<\/div>\t\t<p class=\"box-excerpt is-small\">\n\t\t\t<ul>\n \t<li><span data-text-color=\"primary\">St\u00e4rken Sie Ihre Gewohnheiten mit dem 21-Tage-Erinnerungsservice<\/span><\/li>\n \t<li><span data-text-color=\"primary\">Die Z\u00e4hne sollten zweimal am Tag geputzt werden<\/span><\/li>\n \t<li><span data-text-color=\"primary\">T\u00e4gliche Erinnerungen und Feedback<\/span><\/li>\n<\/ul>\t\t<\/p>\n\t\t<div class=\"add-to-cart-button\"><a href=\"https:\/\/proabit.com\/de\/produkt\/zahneputzen-sms-intervention-copy\/\" aria-describedby=\"woocommerce_loop_add_to_cart_link_describedby_1685\" data-quantity=\"1\" class=\"primary is-small mb-0 button product_type_variable add_to_cart_button is-flat\" data-product_id=\"1685\" data-product_sku=\"000010-1-1-1-2-2\" aria-label=\"W\u00e4hle Optionen f\u00fcr \u201eB\u00fcrsten E-Mail \/ SMS Intervention\u201c\" rel=\"nofollow\">Bestellung<\/a><\/div>\t<span id=\"woocommerce_loop_add_to_cart_link_describedby_1685\" class=\"screen-reader-text\">\n\t\tDieses Produkt weist mehrere Varianten auf. Die Optionen k\u00f6nnen auf der Produktseite gew\u00e4hlt werden\t<\/span>\n\t\t<\/div>\n\t<\/div>\n\t\t<\/div>\n<\/div><\/div><!-- row -->\n<\/div>\n\n\n\t\t<\/div>\n\n\t\t\n<style>\n#section_2060131812 {\n  padding-top: 40px;\n  padding-bottom: 40px;\n  background-color: rgb(193, 193, 193);\n}\n#section_2060131812 .section-bg-overlay {\n  background-color: rgba(255, 255, 255, 0.85);\n}\n<\/style>\n\t<\/section>\n\t\n<div class=\"row row-large align-middle\"  id=\"row-1988562122\">\n\n\n\t<div id=\"col-1348244143\" class=\"col medium-6 small-12 large-6\"  >\n\t\t\t\t<div class=\"col-inner\"  >\n\t\t\t\n\t\t\t\n\n\t<div class=\"img has-hover x md-x lg-x y md-y lg-y\" id=\"image_1397942409\">\n\t\t<a class=\"\" href=\"https:\/\/www.thelancet.com\/journals\/lancet\/article\/PIIS0140-6736(19)31146-8\/abstract\" target=\"_blank\" rel=\"noopener\" >\t\t\t\t\t\t<div class=\"img-inner box-shadow-2 dark\" >\n\t\t\t<img loading=\"lazy\" decoding=\"async\" width=\"474\" height=\"400\" src=\"https:\/\/proabit.com\/wp-content\/uploads\/2026\/01\/recommendations-474x400.jpg\" class=\"attachment-medium size-medium\" alt=\"\" srcset=\"https:\/\/proabit.com\/wp-content\/uploads\/2026\/01\/recommendations-474x400.jpg 474w, https:\/\/proabit.com\/wp-content\/uploads\/2026\/01\/recommendations-949x800.jpg 949w, https:\/\/proabit.com\/wp-content\/uploads\/2026\/01\/recommendations-768x648.jpg 768w, https:\/\/proabit.com\/wp-content\/uploads\/2026\/01\/recommendations-1536x1295.jpg 1536w, https:\/\/proabit.com\/wp-content\/uploads\/2026\/01\/recommendations-510x430.jpg 510w, https:\/\/proabit.com\/wp-content\/uploads\/2026\/01\/recommendations.jpg 1600w\" sizes=\"auto, (max-width: 474px) 100vw, 474px\" \/>\t\t\t\t\t\t\n\t\t\t\t\t<\/div>\n\t\t\t\t\t\t<\/a>\t\t\n<style>\n#image_1397942409 {\n  width: 100%;\n}\n<\/style>\n\t<\/div>\n\t\n\n\n\t\t<\/div>\n\t\t\t\t\t<\/div>\n\n\t\n\n\t<div id=\"col-1211176698\" class=\"col medium-6 small-12 large-6\"  >\n\t\t\t\t<div class=\"col-inner text-left\"  >\n\t\t\t\n\t\t\t\n\n\t<div id=\"text-2746422182\" class=\"text\">\n\t\t\n\n<p><span style=\"font-size: 120%;\" data-text-color=\"primary\"><strong>Empfehlungen zum B\u00fcrsten<\/strong><\/span><\/p>\n\t\t\n<style>\n#text-2746422182 {\n  font-size: 1.8rem;\n  line-height: 0.75;\n}\n<\/style>\n\t<\/div>\n\t\n\t<div id=\"text-2409420774\" class=\"text\">\n\t\t\n\n\n\t\t\n<style>\n#text-2409420774 {\n  font-size: 1.8rem;\n}\n<\/style>\n\t<\/div>\n\t\n\t<div id=\"text-2517252900\" class=\"text\">\n\t\t\n\n<ul>\n<li><strong>Wann soll ich b\u00fcrsten? Sowohl Erwachsene als auch Kinder sollten ihre Z\u00e4hne vor dem Schlafengehen und mindestens ein weiteres Mal am Tag putzen.<\/strong><\/li>\n<li><strong>Wie oft? Sowohl f\u00fcr Erwachsene als auch f\u00fcr Kinder wird empfohlen, sich mindestens zweimal t\u00e4glich die Z\u00e4hne zu putzen, wenn n\u00f6tig mit Unterst\u00fctzung.  <\/strong><\/li>\n<li><strong>F\u00fcr wie lange? Es ist wichtig, die Z\u00e4hne lange genug zu putzen, um eine effektive Reinigung aller Oberfl\u00e4chen zu gew\u00e4hrleisten. Dies dauert in der Regel etwa zwei Minuten, je nach Anzahl der Z\u00e4hne.<\/strong><\/li>\n<\/ul>\n<p><em>Was ist der beste Zeitpunkt, die beste H\u00e4ufigkeit und Dauer des Z\u00e4hneputzens? (Konsens zum Z\u00e4hneputzen, Visueller Leitfaden, FDI 2023)<\/em><\/p>\n\t\t\n<style>\n#text-2517252900 {\n  font-size: 1.05rem;\n}\n<\/style>\n\t<\/div>\n\t\n\n\t\t<\/div>\n\t\t\t\t\t<\/div>\n\n\t\n\n<\/div>\n\n  <div class=\"banner has-hover\" id=\"banner-1803350408\">\n          <div class=\"banner-inner fill\">\n        <div class=\"banner-bg fill\" >\n            <img loading=\"lazy\" decoding=\"async\" width=\"1020\" height=\"680\" src=\"https:\/\/proabit.com\/wp-content\/uploads\/2026\/01\/wellbeing-1.jpg\" class=\"bg attachment-large size-large\" alt=\"\" \/>                                    \n                    <\/div>\n\t\t\n        <div class=\"banner-layers container\">\n            <div class=\"fill banner-link\"><\/div>            \n\n   <div id=\"text-box-1876819922\" class=\"text-box banner-layer x5 md-x5 lg-x5 y90 md-y50 lg-y50 res-text\">\n                                <div class=\"text-box-content text box-shadow-1\">\n              \n              <div class=\"text-inner text-left\">\n                  \n\n<h6>Erinnern Sie sich an<\/h6>\n<h3 class=\"uppercase\">PASSEN SIE AUF SICH AUF ?<\/h3>\n<p>Viele chronische Krankheiten k\u00f6nnten verhindert werden, wenn Sie 5 wichtige Lebensgewohnheiten befolgten: niemals rauchen, sich regelm\u00e4\u00dfig k\u00f6rperlich bewegen, wenig Alkohol trinken, ein normales K\u00f6rpergewicht halten und sieben bis acht Stunden schlafen.<a href=\"https:\/\/pubmed.ncbi.nlm.nih.gov\/7148802\/\">(Wingard et al. 1982<\/a>, <a href=\"https:\/\/academic.oup.com\/aje\/article-abstract\/116\/5\/765\/111372?redirectedFrom=fulltext&amp;login=false\">Liu et al. 2013<\/a>)<\/p>\n<p><strong>Sehen Sie Verbesserungsm\u00f6glichkeiten bei Ihren t\u00e4glichen Gewohnheiten?<\/strong><\/p>\n\n              <\/div>\n           <\/div>\n                            \n<style>\n#text-box-1876819922 .text-box-content {\n  background-color: rgba(255, 255, 255, 0.94);\n  font-size: 100%;\n}\n#text-box-1876819922 .text-inner {\n  padding: 30px 30px 30px 30px;\n}\n#text-box-1876819922 {\n  width: 88%;\n}\n@media (min-width:550px) {\n  #text-box-1876819922 {\n    width: 50%;\n  }\n}\n<\/style>\n    <\/div>\n \n\n        <\/div>\n      <\/div>\n\n            \n<style>\n#banner-1803350408 {\n  padding-top: 637px;\n}\n#banner-1803350408 .banner-bg img {\n  object-position: 62% 68%;\n}\n<\/style>\n  <\/div>\n\n\n<div class=\"slider-wrapper relative\" id=\"slider-1817216125\" >\n    <div class=\"slider slider-nav-circle slider-nav-large slider-nav-light slider-style-normal\"\n        data-flickity-options='{\n            \"cellAlign\": \"center\",\n            \"imagesLoaded\": true,\n            \"lazyLoad\": 1,\n            \"freeScroll\": false,\n            \"wrapAround\": true,\n            \"autoPlay\": 6000,\n            \"pauseAutoPlayOnHover\" : true,\n            \"prevNextButtons\": true,\n            \"contain\" : true,\n            \"adaptiveHeight\" : true,\n            \"dragThreshold\" : 10,\n            \"percentPosition\": true,\n            \"pageDots\": true,\n            \"rightToLeft\": false,\n            \"draggable\": true,\n            \"selectedAttraction\": 0.1,\n            \"parallax\" : 0,\n            \"friction\": 0.6        }'\n        >\n        \n\n\n     <\/div>\n\n     <div class=\"loading-spin dark large centered\"><\/div>\n\n\t<\/div>\n\n\n\n","protected":false},"excerpt":{"rendered":"","protected":false},"author":1,"featured_media":1208,"parent":0,"menu_order":1,"comment_status":"closed","ping_status":"closed","template":"page-blank.php","meta":{"footnotes":""},"class_list":["post-1312","page","type-page","status-publish","has-post-thumbnail","hentry"],"_links":{"self":[{"href":"https:\/\/proabit.com\/de\/wp-json\/wp\/v2\/pages\/1312","targetHints":{"allow":["GET"]}}],"collection":[{"href":"https:\/\/proabit.com\/de\/wp-json\/wp\/v2\/pages"}],"about":[{"href":"https:\/\/proabit.com\/de\/wp-json\/wp\/v2\/types\/page"}],"author":[{"embeddable":true,"href":"https:\/\/proabit.com\/de\/wp-json\/wp\/v2\/users\/1"}],"replies":[{"embeddable":true,"href":"https:\/\/proabit.com\/de\/wp-json\/wp\/v2\/comments?post=1312"}],"version-history":[{"count":5,"href":"https:\/\/proabit.com\/de\/wp-json\/wp\/v2\/pages\/1312\/revisions"}],"predecessor-version":[{"id":1978,"href":"https:\/\/proabit.com\/de\/wp-json\/wp\/v2\/pages\/1312\/revisions\/1978"}],"wp:featuredmedia":[{"embeddable":true,"href":"https:\/\/proabit.com\/de\/wp-json\/wp\/v2\/media\/1208"}],"wp:attachment":[{"href":"https:\/\/proabit.com\/de\/wp-json\/wp\/v2\/media?parent=1312"}],"curies":[{"name":"wp","href":"https:\/\/api.w.org\/{rel}","templated":true}]}}