{"id":1302,"date":"2023-07-29T20:23:12","date_gmt":"2023-07-29T20:23:12","guid":{"rendered":"https:\/\/proabit.com\/kontakt\/"},"modified":"2024-07-11T20:22:19","modified_gmt":"2024-07-11T20:22:19","slug":"kontakt","status":"publish","type":"page","link":"https:\/\/proabit.com\/de\/kontakt\/","title":{"rendered":"Kontakt"},"content":{"rendered":"\n<h2 class=\"wp-block-heading\">KONTAKTINFORMATIONEN<\/h2>\n\n<p> <\/p>\n\n<h2 class=\"wp-block-heading\">Informationen zur Adresse<\/h2>\n\n<p>B\u00fcro 96909, PO Box 6945, W1A 6US, London, UK<\/p>\n\n<h2 class=\"wp-block-heading\">H\u00e4ufig gestellte Fragen<\/h2>\n\n<p><button class=\"accordion\">Welche Zahlungsarten werden im Online Shop akzeptiert?<\/button><\/p>\n<div class=\"panel\">\n<p>Unser Online Shop akzeptiert die g\u00e4ngigsten Zahlungsarten, einschlie\u00dflich Kreditkarten. Techniken zur Erkennung von Betrug im Zahlungsverkehr werden bereits beim Kauf eingesetzt. Zahlungen werden \u00fcber verschiedene Zahlungsanbieter akzeptiert, wie PayPal, Stripe oder Woocommerce Payments.<\/p>\n<\/div>\n<p><button class=\"accordion\">Wie sicher ist der Einkauf im Online Shop? Sind meine Daten gesch\u00fctzt?<\/button><\/p>\n<div class=\"panel\">\n<p>Wir verarbeiten Zahlungen \u00fcber bekannte Zahlungsanbieter wie PayPal, Stripe und Woocommerce Payments. Ihre Daten werden sicher behandelt. Weitere Informationen finden Sie in unserer <a href=\"https:\/\/proabit.com\/de\/datenschutzbestimmungen\/\">Datenschutzrichtlinie<\/a>.<\/a><\/p>\n<\/div>\n<p><button class=\"accordion\">Was genau passiert nach der Bestellung?<\/button><\/p>\n<div class=\"panel\">\n<p>Sie werden zwei E-Mails erhalten. Die eine ist die Bestellbest\u00e4tigungs-E-Mail und die andere ist die E-Mail zur Aktivierung des Dienstes. Der Service wird gestartet, nachdem Sie auf den Link in der E-Mail zur Serviceaktivierung geklickt haben. Der Dienst wird fr\u00fchestens am n\u00e4chsten Tag nach der Aktivierung beginnen.<\/p>\n<p>Nachdem Sie auf den Link geklickt haben, k\u00f6nnen Sie Ihr Konto einrichten, indem Sie Ihr Passwort eingeben. Wenn SMS aktiviert sind, k\u00f6nnen Sie auch Ihre Telefonnummer eingeben. Nachdem Sie Ihre Handynummer eingegeben haben, k\u00f6nnen Sie auch SMS-Erinnerungen erhalten. Wenn Sie nur E-Mail-Erinnerungen verwenden m\u00f6chten, brauchen Sie Ihre Kontoinformationen wie Passwort und Mobiltelefonnummer nicht einzugeben.<\/p>\n<\/div>\n<p><button class=\"accordion\">Bekomme ich eine Rechnung f\u00fcr meine Bestellung?<\/button><\/p>\n<div class=\"panel\">\n<p>Nachdem Sie eine Bestellung \u00fcber unsere Zahlungsanbieter aufgegeben haben, erhalten Sie eine Bestellbest\u00e4tigung per E-Mail an die von Ihnen angegebene E-Mail-Adresse. Die Bestellbest\u00e4tigungs-E-Mail enth\u00e4lt alle notwendigen Bestell- und Zahlungsinformationen.<\/p>\n<\/div>\n<p><button class=\"accordion\">Kann ich eine R\u00fcckerstattung erhalten, wenn ich meine Bestellung stornieren m\u00f6chte?<\/button><\/p>\n<div class=\"panel\">\n<p>Nachdem Sie den Service bestellt haben, gehen Sie davon aus, dass Sie ihn bis zum Ende nutzen werden. Wir bieten Ihnen jedoch eine 14-t\u00e4gige Widerrufsfrist an, innerhalb derer Sie die M\u00f6glichkeit haben, die Bestellung zu widerrufen. Wir werden Ihnen keine vollst\u00e4ndige R\u00fcckerstattung gew\u00e4hren, aber wir k\u00f6nnen Ihnen einen Geschenkgutschein oder eine Teilr\u00fcckerstattung anbieten, falls dies f\u00fcr das Zahlungsmittel, das Sie beim Kauf verwendet haben, m\u00f6glich ist. Maximal 75% werden erstattet, wenn der Dienst nur 25% der Gesamtdauer genutzt wurde. Weitere Einzelheiten finden Sie in unseren R\u00fcckerstattungsbedingungen.<\/p>\n<\/div>\n\n\n\n<h2 class=\"wp-block-heading\">Kontaktieren Sie uns<\/h2>\n<div class=\"wpforms-container wpforms-container-full wpforms-block wpforms-block-f6742d74-e0a6-49f5-a800-30d631cdd553 wpforms-render-modern\" id=\"wpforms-876\"><form id=\"wpforms-form-876\" class=\"wpforms-validate wpforms-form wpforms-ajax-form\" data-formid=\"876\" method=\"post\" enctype=\"multipart\/form-data\" action=\"\/de\/wp-json\/wp\/v2\/pages\/1302\" data-token=\"b535d76c469b86f8825aa4e6e0840845\" data-token-time=\"1775867594\"><noscript class=\"wpforms-error-noscript\">Bitte aktiviere JavaScript in deinem Browser, um dieses Formular fertigzustellen.<\/noscript><div id=\"wpforms-error-noscript\" style=\"display: none;\">Bitte aktiviere JavaScript in deinem Browser, um dieses Formular fertigzustellen.<\/div><div class=\"wpforms-field-container\"><div id=\"wpforms-876-field_0-container\" class=\"wpforms-field wpforms-field-name\" data-field-id=\"0\"><fieldset><legend class=\"wpforms-field-label\">Name <span class=\"wpforms-required-label\" aria-hidden=\"true\">*<\/span><\/legend><div class=\"wpforms-field-row wpforms-field-medium\"><div class=\"wpforms-field-row-block wpforms-first wpforms-one-half\"><input type=\"text\" id=\"wpforms-876-field_0\" class=\"wpforms-field-name-first wpforms-field-required\" name=\"wpforms[fields][0][first]\" aria-errormessage=\"wpforms-876-field_0-error\" required><label for=\"wpforms-876-field_0\" class=\"wpforms-field-sublabel after\">Erste<\/label><\/div><div class=\"wpforms-field-row-block wpforms-one-half\"><input type=\"text\" id=\"wpforms-876-field_0-last\" class=\"wpforms-field-name-last wpforms-field-required\" name=\"wpforms[fields][0][last]\" aria-errormessage=\"wpforms-876-field_0-last-error\" required><label for=\"wpforms-876-field_0-last\" class=\"wpforms-field-sublabel after\">Letzte<\/label><\/div><\/div><\/fieldset><\/div><div id=\"wpforms-876-field_1-container\" class=\"wpforms-field wpforms-field-email\" data-field-id=\"1\"><label class=\"wpforms-field-label\" for=\"wpforms-876-field_1\">Email <span class=\"wpforms-required-label\" aria-hidden=\"true\">*<\/span><\/label><input type=\"email\" id=\"wpforms-876-field_1\" class=\"wpforms-field-medium wpforms-field-required\" name=\"wpforms[fields][1]\" spellcheck=\"false\" aria-errormessage=\"wpforms-876-field_1-error\" required><\/div><div id=\"wpforms-876-field_2-container\" class=\"wpforms-field wpforms-field-textarea\" data-field-id=\"2\"><label class=\"wpforms-field-label\" for=\"wpforms-876-field_2\">Message <span class=\"wpforms-required-label\" aria-hidden=\"true\">*<\/span><\/label><textarea id=\"wpforms-876-field_2\" class=\"wpforms-field-medium wpforms-field-required\" name=\"wpforms[fields][2]\" aria-errormessage=\"wpforms-876-field_2-error\" required><\/textarea><\/div><\/div><!-- .wpforms-field-container --><div class=\"wpforms-recaptcha-container wpforms-is-hcaptcha\" ><div class=\"h-captcha\" data-sitekey=\"5971f798-7882-403c-987f-1985a98b60df\"><\/div><input type=\"text\" name=\"g-recaptcha-hidden\" class=\"wpforms-recaptcha-hidden\" style=\"position:absolute!important;clip:rect(0,0,0,0)!important;height:1px!important;width:1px!important;border:0!important;overflow:hidden!important;padding:0!important;margin:0!important;\" data-rule-hcaptcha=\"1\"><\/div><div class=\"wpforms-submit-container\" ><input type=\"hidden\" name=\"wpforms[id]\" value=\"876\"><input type=\"hidden\" name=\"page_title\" value=\"\"><input type=\"hidden\" name=\"page_url\" value=\"https:\/\/proabit.com\/de\/wp-json\/wp\/v2\/pages\/1302\"><input type=\"hidden\" name=\"url_referer\" value=\"\"><button type=\"submit\" name=\"wpforms[submit]\" id=\"wpforms-submit-876\" class=\"wpforms-submit\" data-alt-text=\"Sending...\" data-submit-text=\"Submit\" aria-live=\"assertive\" value=\"wpforms-submit\">Submit<\/button><img loading=\"lazy\" decoding=\"async\" src=\"https:\/\/proabit.com\/wp-content\/plugins\/wpforms-lite\/assets\/images\/submit-spin.svg\" class=\"wpforms-submit-spinner\" style=\"display: none;\" width=\"26\" height=\"26\" alt=\"Wird geladen\"><\/div><\/form><\/div>  <!-- .wpforms-container -->","protected":false},"excerpt":{"rendered":"<p>KONTAKTINFORMATIONEN Informationen zur Adresse B\u00fcro 96909, PO Box 6945, W1A 6US, London, UK H\u00e4ufig gestellte Fragen Kontaktieren Sie uns<\/p>\n","protected":false},"author":1,"featured_media":0,"parent":0,"menu_order":0,"comment_status":"closed","ping_status":"closed","template":"","meta":{"footnotes":""},"class_list":["post-1302","page","type-page","status-publish","hentry"],"_links":{"self":[{"href":"https:\/\/proabit.com\/de\/wp-json\/wp\/v2\/pages\/1302","targetHints":{"allow":["GET"]}}],"collection":[{"href":"https:\/\/proabit.com\/de\/wp-json\/wp\/v2\/pages"}],"about":[{"href":"https:\/\/proabit.com\/de\/wp-json\/wp\/v2\/types\/page"}],"author":[{"embeddable":true,"href":"https:\/\/proabit.com\/de\/wp-json\/wp\/v2\/users\/1"}],"replies":[{"embeddable":true,"href":"https:\/\/proabit.com\/de\/wp-json\/wp\/v2\/comments?post=1302"}],"version-history":[{"count":1,"href":"https:\/\/proabit.com\/de\/wp-json\/wp\/v2\/pages\/1302\/revisions"}],"predecessor-version":[{"id":1304,"href":"https:\/\/proabit.com\/de\/wp-json\/wp\/v2\/pages\/1302\/revisions\/1304"}],"wp:attachment":[{"href":"https:\/\/proabit.com\/de\/wp-json\/wp\/v2\/media?parent=1302"}],"curies":[{"name":"wp","href":"https:\/\/api.w.org\/{rel}","templated":true}]}}