{"id":1259,"date":"2022-09-10T16:00:26","date_gmt":"2022-09-10T16:00:26","guid":{"rendered":"https:\/\/proabit.com\/datenschutzbestimmungen\/"},"modified":"2024-07-25T21:37:16","modified_gmt":"2024-07-25T21:37:16","slug":"datenschutzbestimmungen","status":"publish","type":"page","link":"https:\/\/proabit.com\/de\/datenschutzbestimmungen\/","title":{"rendered":"Datenschutz"},"content":{"rendered":"\n<h1 class=\"wp-block-heading\">Proabit Datenschutzrichtlinie<\/h1>\n\n<p>Wenn Sie eine andere als die englische Version dieses Dokuments lesen, handelt es sich um eine automatisch \u00fcbersetzte, unverbindliche Version. Sie sollten sich immer auf das englischsprachige Originaldokument beziehen, das Sie unter www.proabit.com\/privacy-policy\/ finden.\nDie \u00fcbersetzten Versionen des Dokuments sind nicht als verbindliche Vereinbarungen anzusehen. <\/p>\n\n<h2 class=\"wp-block-heading\">1. Wer wir sind<\/h2>\n\n<p>Wir sind Proabit Ltd. (Proabit Oy, FI32740978) und unsere Website-Adressen sind: https:\/\/proabit.com, https:\/\/my.proabit.com, https:\/\/myproabit.com, https:\/\/prb.cx, und https:\/\/prp.cx.<\/p>\n\n<h2 class=\"wp-block-heading\">2. Was wir sammeln und speichern und wie wir Ihre Daten verwenden?<\/h2>\n\n<p>W\u00e4hrend Sie unsere Website besuchen, werden wir Sie verfolgen:<\/p>\n\n<ul class=\"wp-block-list\">\n<li>Produkte, die Sie sich angesehen haben: Wir verwenden diese Daten, um Ihnen zum Beispiel Produkte zu zeigen, die Sie sich k\u00fcrzlich angesehen haben.<\/li>\n\n\n\n<li>Standort, IP-Adresse und Browsertyp: Wir verwenden diese Daten f\u00fcr Zwecke wie die Sch\u00e4tzung von Steuern und Versandkosten.<\/li>\n\n\n\n<li>Lieferadresse: Wir bitten Sie, diese Adresse einzugeben, damit wir z.B. die Versandkosten absch\u00e4tzen k\u00f6nnen, bevor Sie eine Bestellung aufgeben, und Ihnen die Bestellung zusenden k\u00f6nnen!<\/li>\n<\/ul>\n\n<p>Wir verwenden auch Cookies, um den Inhalt Ihres Warenkorbs zu verfolgen, w\u00e4hrend Sie auf unserer Website surfen. Wir speichern auch Kommentare oder Bewertungen, wenn Sie diese hinterlassen m\u00f6chten.<\/p>\n\n<p>Wenn Sie bei uns einkaufen, ein Konto erstellen oder an unseren Diensten teilnehmen, bitten wir Sie um die Angabe pers\u00f6nlicher Identifikationsdaten wie Name, Rechnungsadresse, E-Mail-Adresse, Telefonnummer, Kreditkarten-\/Zahlungsdaten und Kontoinformationen wie Benutzername und Passwort. Wir werden die Informationen verwenden, um die Dienste und die Kasse f\u00fcr zuk\u00fcnftige Bestellungen zu f\u00fcllen.<\/p>\n\n<p>W\u00e4hrend der Bestellungen und Dienstleistungen werden Sie m\u00f6glicherweise nach zus\u00e4tzlichen, optionalen Informationen zur Serviceerf\u00fcllung gefragt. Die Fragen dienen dazu, den Service besser auf Ihre Bed\u00fcrfnisse abzustimmen und Ihr Verhalten w\u00e4hrend des Service zu beobachten. Diese Informationen werden zur Erbringung der Dienstleistungen verwendet und k\u00f6nnen die folgenden Informationen enthalten:<\/p>\n\n<ul class=\"wp-block-list\">\n<li>Ihr Alter oder Ihre Altersgruppe<\/li>\n\n\n\n<li>Ihr Geschlecht<\/li>\n\n\n\n<li>Antworten auf Frageb\u00f6gen zu Ihrer Motivation und Ihren Praktiken in Bezug auf Dienstleistungen<\/li>\n\n\n\n<li>Ihr Land, Bundesland und Ihre Stadt<\/li>\n<\/ul>\n\n<p>Wir verarbeiten Ihre personenbezogenen Daten, um die Dienste zu betreiben, bereitzustellen und zu verbessern, einschlie\u00dflich, aber nicht beschr\u00e4nkt auf:<\/p>\n\n<ul class=\"wp-block-list\">\n<li>Ihnen Informationen \u00fcber Ihr Konto und Ihre Bestellung schicken<\/li>\n\n\n\n<li>Reagieren Sie auf Ihre Anfragen, einschlie\u00dflich Erstattungen und Beschwerden<\/li>\n\n\n\n<li>Zahlungen verarbeiten und Betrug verhindern<\/li>\n\n\n\n<li>Schutz der Sicherheit der Benutzer, z.B. Verhinderung und Aufdeckung von Betrug<\/li>\n\n\n\n<li>Richten Sie Ihr Konto f\u00fcr unseren Shop und Service ein<\/li>\n\n\n\n<li>Erf\u00fcllen Sie alle gesetzlichen Verpflichtungen, die wir haben, wie zum Beispiel die Berechnung von Steuern<\/li>\n\n\n\n<li>Verbessern Sie unser Ladenangebot<\/li>\n\n\n\n<li>Kontaktaufnahme mit dem Nutzer und Kommunikation mit dem Nutzer in Bezug auf die Dienste, z.B. per Telefon, E-Mail, Chat und Beantwortung von Nutzeranfragen<\/li>\n\n\n\n<li>Ihnen fortlaufende E-Mail- und SMS-Erinnerungen an den von Ihnen bestellten Service senden<\/li>\n\n\n\n<li>Senden Sie Ihnen Analysen zu Ihrer Leistung<\/li>\n\n\n\n<li>Ihnen Marketingnachrichten zu senden, wenn Sie diese erhalten m\u00f6chten<\/li>\n\n\n\n<li>Personalisierung von Diensten, z.B. Identifizierung der Interessen des Benutzers und Empfehlung von Diensten<\/li>\n\n\n\n<li>Interne Zwecke, z.B. Fehlersuche, Datenanalyse, Tests und statistische Zwecke<\/li>\n<\/ul>\n\n<p>Wir verwenden keine anderen pers\u00f6nlichen Daten als die, die f\u00fcr die Ausf\u00fchrung der Dienste erforderlich sind.<\/p>\n\n<p>F\u00fcr die Nutzer in Kalifornien, USA, beachten Sie bitte, dass wir zu jeder Zeit alle geltenden Datenschutzgesetze (einschlie\u00dflich CCPA und CPRA) einhalten und personenbezogene Daten nur im Auftrag des Nutzers verarbeiten werden.<\/p>\n\n<p>Unsere Dienste sind nicht f\u00fcr Kinder bestimmt. Kinder unter 18 Jahren d\u00fcrfen die Dienste nur in Begleitung eines Elternteils oder Erziehungsberechtigten nutzen.<\/p>\n\n<h2 class=\"wp-block-heading\">3. Wie speichern wir Ihre Daten?<\/h2>\n\n<p>Wir speichern die Daten sicher und kontrollieren sie st\u00e4ndig, um die sichere und ungehinderte Nutzung der Website und unserer Dienste vor m\u00f6glicher Malware und m\u00f6glichem willk\u00fcrlichen Zugriff auf die pers\u00f6nlichen Daten der Benutzer zu gew\u00e4hrleisten.<\/p>\n\n<p>F\u00fcr Verbraucher in der Europ\u00e4ischen Union werden alle Daten auf Servern im EU\/ETA-Raum gespeichert und verarbeitet.  <\/p>\n\n<p>Wir verwenden Drittanbieter, um Sie per E-Mail und SMS zu informieren und zu erinnern. Die Nutzung von Drittanbietern kann internationale Daten\u00fcbertragungen zwischen dem EU\/ETA-Raum und den USA beinhalten. Solche Daten\u00fcbertragungen umfassen pers\u00f6nliche Identifikationsdaten wie E-Mail-Adresse, Telefonnummer und andere Informationen wie den Vornamen, Metadaten \u00fcber die Zustellung von Nachrichten, Informationen \u00fcber erinnerte Themen, gemeldete zusammenfassende Leistungsmetriken von Erinnerungsdiensten, die gemessen werden, und m\u00f6gliche Informationen, die Sie durch die Beantwortung unserer Anfragen mit SMS-Nachrichten zur Verf\u00fcgung stellen. In Bezug auf Informationen von Drittanbietern sehen Sie sich bitte den Datenschutzzusatz von Sendgrid und Twilio an, der angewendet wird: <a href=\"https:\/\/www.twilio.com\/en-us\/legal\/data-protection-addendum\">https:\/\/www.twilio.com\/en-us\/legal\/data-protection-addendum.<\/a><\/p>\n\n<p>F\u00fcr alle Verbraucher au\u00dferhalb des EU\/ETA-Raums werden die Daten auf Servern innerhalb des EU\/ETA-Raums, Gro\u00dfbritanniens und Nordamerikas, einschlie\u00dflich Drittanbietern in diesen Gebieten, gespeichert und verarbeitet.<\/p>\n\n<p>Wir haben angemessene technische und organisatorische Ma\u00dfnahmen ergriffen, um die von uns gesammelten Informationen \u00fcber den Benutzer vor Verlust, Missbrauch, unbefugtem Zugriff, Offenlegung, \u00c4nderung, Zerst\u00f6rung und jeder anderen Form der unbefugten Verarbeitung zu sch\u00fctzen. Sie sollten sich jedoch bewusst sein, dass keine Datensicherheitsma\u00dfnahmen eine 100%ige Sicherheit garantieren k\u00f6nnen. Wir haften nicht f\u00fcr Verluste oder Sch\u00e4den, die einem Benutzer infolge seiner erfolglosen Bem\u00fchungen entstehen k\u00f6nnen, und es wird darauf hingewiesen, dass der Benutzer verpflichtet ist, alle notwendigen Sicherheitsma\u00dfnahmen und den Schutz des Systems und seines Kontos zu ergreifen. Alle Pr\u00e4ventions-, Unterdr\u00fcckungs- und Informationsma\u00dfnahmen stehen jedoch im Einklang mit der DSGVO und den einschl\u00e4gigen nationalen Rechtsvorschriften.<\/p>\n\n<p>Wir treffen die notwendigen Vorkehrungen auf technischer und organisatorischer Ebene und f\u00fchren st\u00e4ndig und kontinuierlich technische Upgrades unserer Programme und Systeme durch, um den Verlust, den Missbrauch oder die Verschlechterung Ihrer personenbezogenen Daten in irgendeiner Weise zu verhindern, sei es durch externe Eingriffe Dritter oder durch technische oder mechanische St\u00f6rungen. Alle pers\u00f6nlichen Daten, die Sie uns zur Verf\u00fcgung stellen, werden auf sicheren (passwortgesch\u00fctzten &#8211; und Firewall-) Servern gespeichert. Sie sind f\u00fcr die Geheimhaltung des von Ihnen verwendeten Passworts verantwortlich; wir werden Sie nicht nach Ihrem Passwort fragen (es sei denn, Sie loggen sich auf unserer Website ein).<\/p>\n\n<h2 class=\"wp-block-heading\">4. Wie lange wir Ihre Daten aufbewahren<\/h2>\n\n<p>F\u00fcr Benutzer, die sich auf unserer Website oder in unseren Diensten registrieren, speichern wir auch die pers\u00f6nlichen Daten, die sie in ihrem Benutzerprofil angeben. Alle Benutzer k\u00f6nnen ihre pers\u00f6nlichen Daten jederzeit einsehen und bearbeiten (au\u00dfer dass sie ihren Benutzernamen nicht \u00e4ndern k\u00f6nnen). Website-Administratoren k\u00f6nnen diese Informationen ebenfalls sehen und bearbeiten.<\/p>\n\n<p>Wir speichern Ihre Daten im Allgemeinen so lange, wie wir sie f\u00fcr die Zwecke, f\u00fcr die wir sie sammeln und verwenden, ben\u00f6tigen. Wir sind nicht gesetzlich verpflichtet, sie weiterhin aufzubewahren. Zum Beispiel speichern wir Bestellinformationen f\u00fcr 6 Jahre zu Steuer- und Buchhaltungszwecken. Dazu geh\u00f6ren Ihr Name, Ihre E-Mail-Adresse sowie Ihre Rechnungs- und Lieferadresse.<\/p>\n\n<h2 class=\"wp-block-heading\">5. Welche Rechte Sie \u00fcber Ihre Daten haben<\/h2>\n\n<p>Wenn Sie ein Konto auf dieser Website oder bei unserem Service haben, k\u00f6nnen Sie eine exportierte Datei der pers\u00f6nlichen Daten anfordern, die wir \u00fcber Sie gespeichert haben, einschlie\u00dflich aller Daten, die Sie uns zur Verf\u00fcgung gestellt haben. Sie k\u00f6nnen auch verlangen, dass wir alle personenbezogenen Daten, die wir \u00fcber Sie gespeichert haben, l\u00f6schen. Dies gilt nicht f\u00fcr Daten, die wir aus administrativen, rechtlichen oder Sicherheitsgr\u00fcnden aufbewahren m\u00fcssen. Sie k\u00f6nnen sich an unseren Datenschutzbeauftragten wenden: gdpr (at) &#8222;ourcompanyname&#8220;.com<\/p>\n\n<h2 class=\"wp-block-heading\">6. Wer in unserem Team hat Zugang<\/h2>\n\n<p>Die Mitglieder unseres Teams haben Zugang zu den Informationen, die Sie uns zur Verf\u00fcgung stellen. Zum Beispiel k\u00f6nnen sowohl Administratoren als auch Shop-Manager darauf zugreifen:<\/p>\n\n<ul class=\"wp-block-list\">\n<li>Bestellinformationen, z. B. was gekauft wurde, wann es gekauft wurde und wohin es geschickt werden soll, und<\/li>\n\n\n\n<li>Kundeninformationen wie Ihr Name, Ihre E-Mail-Adresse und Ihre Rechnungsdaten.<\/li>\n<\/ul>\n\n<p>Unsere Teammitglieder haben Zugriff auf diese Informationen, um Bestellungen auszuf\u00fchren, R\u00fcckerstattungen zu bearbeiten und Sie zu unterst\u00fctzen.<\/p>\n\n<h2 class=\"wp-block-heading\">7. Was wir mit anderen teilen<\/h2>\n\n<p>Wir sammeln Informationen \u00fcber Sie w\u00e4hrend des Bezahlvorgangs in unserem Shop. Besucherkommentare k\u00f6nnen durch einen automatischen Spam-Erkennungsdienst \u00fcberpr\u00fcft werden. Wir geben Informationen an Dritte weiter, die uns dabei helfen, Ihnen unsere Bestellungen und Shopdienste anzubieten.<\/p>\n\n<p>Wir k\u00f6nnten verpflichtet sein, pers\u00f6nliche Daten aufzubewahren oder weiterzugeben, um<\/p>\n\n<ul class=\"wp-block-list\">\n<li>Halten Sie die geltenden Gesetze und Vorschriften ein<\/li>\n\n\n\n<li>Befolgung eines Gerichtsbeschlusses, einer Vorladung oder eines anderen rechtlichen Verfahrens<\/li>\n\n\n\n<li>Beantwortung rechtm\u00e4\u00dfiger Anfragen von Regierungsbeh\u00f6rden, Strafverfolgungsbeh\u00f6rden oder \u00e4hnlichen staatlichen Stellen, unabh\u00e4ngig davon, ob sie sich in der Gerichtsbarkeit des Nutzers oder anderswo befinden<\/li>\n\n\n\n<li>Beauftragung von Drittanbietern und\/oder Subunternehmern, die Dienstleistungen f\u00fcr unseren Gesch\u00e4ftsbetrieb erbringen; eine Liste dieser Anbieter erhalten Sie auf Anfrage<\/li>\n\n\n\n<li>Weitergabe von zusammengefassten oder de-identifizierten Informationen \u00fcber Nutzer an Dritte f\u00fcr Marketing, Werbung, Forschung oder andere Zwecke<\/li>\n\n\n\n<li>Offenlegung und\/oder Weitergabe von Daten an ein anderes Unternehmen, wenn unser Unternehmen von einem anderen Unternehmen \u00fcbernommen wird oder mit diesem fusioniert, wenn das Unternehmen einen Gesch\u00e4ftsbereich oder Verm\u00f6genswerte an ein anderes Unternehmen verkauft oder \u00fcbertr\u00e4gt, im Rahmen eines Konkursverfahrens oder im Rahmen einer anderen \u00e4hnlichen Unternehmens\u00fcbertragung<\/li>\n\n\n\n<li>Wir sind der Ansicht, dass eine Ver\u00f6ffentlichung angemessen ist, um das Gesetz einzuhalten, die Allgemeinen Gesch\u00e4ftsbedingungen und andere Vereinbarungen durchzusetzen oder anzuwenden oder die Rechte, das Eigentum oder die Sicherheit unseres Unternehmens, unserer Nutzer oder anderer zu sch\u00fctzen. Dazu geh\u00f6rt der Austausch von Informationen mit anderen Unternehmen und Organisationen zur Betrugspr\u00e4vention und -aufdeckung sowie zur Verringerung des Kreditrisikos.<\/li>\n\n\n\n<li>Wenn wir die Daten von Nutzern wie oben beschrieben an Dritte weitergeben, verlangen wir von diesen Empf\u00e4ngern, dass sie sich verpflichten, die von uns weitergegebenen personenbezogenen Daten nur in \u00dcbereinstimmung mit den vertraglichen Vorgaben und f\u00fcr keine anderen Zwecke als die von uns in \u00dcbereinstimmung mit dieser Datenschutzrichtlinie festgelegten zu verwenden.<\/li>\n<\/ul>\n\n<p>Es wird hiermit klargestellt, dass wir keine Benutzerinformationen \u00fcber Produkte und Dienstleistungen an<sup>Drittanbieter<\/sup> von Softwarelizenzen weitergeben, es sei denn, der Benutzer hat einer solchen Weitergabe von Informationen beim Kauf solcher Produkte und Dienstleistungen zugestimmt.<\/p>\n\n<h2 class=\"wp-block-heading\">8. Zahlungen<\/h2>\n\n<p>Wir akzeptieren Zahlungen \u00fcber PayPal, Stripe und Woocommerce Payments. Wenn Sie Zahlungen \u00fcber PayPal abwickeln, werden einige Ihrer Daten an PayPal weitergegeben. Dazu geh\u00f6ren Informationen, die f\u00fcr die Bearbeitung oder Unterst\u00fctzung der Zahlung erforderlich sind, wie z.B. die Kaufsumme und die Rechnungsinformationen. Weitere Informationen finden Sie in den <a href=\"https:\/\/www.paypal.com\/us\/webapps\/mpp\/ua\/privacy-full\">PayPal-Datenschutzbestimmungen<\/a>. Wenn Sie Zahlungen \u00fcber Stripe abwickeln, speichern Sie m\u00f6glicherweise pers\u00f6nliche Daten oder teilen Daten mit einem externen Dienst. Weitere Einzelheiten finden Sie in den <a href=\"https:\/\/stripe.com\/gb\/privacy\">Datenschutzbestimmungen von Stripe<\/a>.<\/p>\n\n<p>Wenn Sie Zahlungen \u00fcber Zahlungsanbieter wie PayPal oder Stripe abwickeln, werden unter anderem folgende Informationen an diese Anbieter weitergegeben:<\/p>\n\n<ul class=\"wp-block-list\">\n<li>Name<\/li>\n\n\n\n<li>E-Mail<\/li>\n\n\n\n<li>Adresse<\/li>\n\n\n\n<li>Telefon<\/li>\n\n\n\n<li>Stadt\/Staat\/Platz<\/li>\n\n\n\n<li>Eindeutiger Zahlungsidentifikator<\/li>\n\n\n\n<li>Identifikator des Zahlungsanbieters<\/li>\n<\/ul>\n\n<h2 class=\"wp-block-heading\">9. Cookies<\/h2>\n\n<p>Wenn Sie unsere Anmeldeseiten besuchen, setzen wir ein tempor\u00e4res Cookie, um festzustellen, ob Ihr Browser Cookies akzeptiert. Dieses Cookie enth\u00e4lt keine pers\u00f6nlichen Daten und wird verworfen, wenn Sie Ihren Browser schlie\u00dfen.<\/p>\n\n<p>Wenn Sie sich anmelden, legen wir au\u00dferdem mehrere Cookies an, um Ihre Anmeldeinformationen und die Auswahl Ihrer Bildschirmdarstellung zu speichern. Login-Cookies sind zwei Tage lang g\u00fcltig, und Cookies f\u00fcr Bildschirmoptionen sind ein Jahr lang g\u00fcltig. Wenn Sie &#8222;Angemeldet bleiben&#8220; w\u00e4hlen, bleibt Ihr Login zwei Wochen lang erhalten. Wenn Sie sich von Ihrem Konto abmelden, werden die Anmelde-Cookies entfernt.<\/p>\n\n<p>Wenn Sie einen Artikel bearbeiten oder ver\u00f6ffentlichen, wird ein zus\u00e4tzliches Cookie in Ihrem Browser gespeichert. Dieses Cookie enth\u00e4lt keine pers\u00f6nlichen Daten und zeigt lediglich die Post-ID des Artikels an, den Sie gerade bearbeitet haben. Er verf\u00e4llt nach 1 Tag.<\/p>\n\n<p>WooCommerce Multilingual &amp; Multicurrency verwendet Cookies, um die Warenkorbinformationen bei der Verwendung von Sprachen in Domains zu verstehen und um Daten zwischen den Domains zu \u00fcbertragen.<\/p>\n\n<p>WooCommerce Multilingual &amp; Multicurrency verwendet au\u00dferdem Cookies, um die Sprache und W\u00e4hrung jeder Kundenbestellung sowie die W\u00e4hrung der von WooCommerce erstellten Berichte zu identifizieren. WooCommerce Multilingual erweitert diese Berichte um die Informationen zur W\u00e4hrung.<\/p>\n\n<p>Weitere Informationen finden Sie in unserer Cookie-Richtlinie https:\/\/proabit.com\/cookie-policy-eu.<\/p>\n\n<h2 class=\"wp-block-heading\">10. Eingebettete Inhalte von anderen Websites<\/h2>\n\n<p>Die Artikel auf dieser Website k\u00f6nnen eingebettete Inhalte enthalten (z.B. Videos, Bilder, Artikel usw.). Eingebettete Inhalte von anderen Websites verhalten sich genau so, als ob der Besucher die andere Website besucht h\u00e4tte.<\/p>\n\n<p>Diese Websites k\u00f6nnen Daten \u00fcber Sie sammeln, Cookies verwenden, zus\u00e4tzliche Trackingfunktionen von Drittanbietern einbetten und Ihre Interaktion mit diesen eingebetteten Inhalten \u00fcberwachen, einschlie\u00dflich der Verfolgung Ihrer Interaktion mit den eingebetteten Inhalten, wenn Sie ein Konto haben und auf dieser Website angemeldet sind.<\/p>\n\n<h2 class=\"wp-block-heading\">11. Vermarktung<\/h2>\n\n<p>Wir w\u00fcrden Ihnen gerne Informationen \u00fcber Produkte und Dienstleistungen von uns zusenden, die Ihnen gefallen k\u00f6nnten.<\/p>\n\n<p>Wenn Sie dem Erhalt von Marketing zugestimmt haben, k\u00f6nnen Sie sich jederzeit zu einem sp\u00e4teren Zeitpunkt abmelden.<\/p>\n\n<p>Sie haben jederzeit das Recht, unser Unternehmen davon abzuhalten, Sie zu Marketingzwecken zu kontaktieren.<\/p>\n\n<p>Wenn Sie nicht mehr zu Marketingzwecken kontaktiert werden m\u00f6chten, aktualisieren Sie bitte Ihre Kontoeinstellungen oder kontaktieren Sie uns unter https:\/\/proabit.com\/contact.<\/p>\n\n<h2 class=\"wp-block-heading\">12. Andere<\/h2>\n\n<p>Wenn Sie ein Passwort zur\u00fccksetzen lassen, kann Ihre IP-Adresse in der E-Mail enthalten sein.<\/p>\n\n<p>Bitte beachten Sie auch unsere Nutzungsbedingungen von https:\/\/proabit.com\/terms-of-use.<\/p>\n\n<h2 class=\"wp-block-heading\">13. Kontakt<\/h2>\n\n<p>Wenn Sie Fragen zu dieser Datenschutzrichtlinie haben, k\u00f6nnen Sie uns kontaktieren:<\/p>\n\n<ul class=\"wp-block-list\">\n<li>Indem Sie diese Seite auf unserer Website besuchen: <a href=\"https:\/\/proabit.com\/de\/\">https:\/\/proabit.com<\/a><\/li>\n\n\n\n<li>Indem Sie uns \u00fcber <a href=\"https:\/\/proabit.com\/de\/kontakt\/\">https:\/\/proabit.com\/contact\/<\/a> kontaktieren.<\/li>\n\n\n\n<li>Kontaktieren Sie unsere Datenschutzbeh\u00f6rde unter: gdpr (at) &#8222;ourcompanyname&#8220;.com<\/li>\n<\/ul>\n\n<p>Unsere Datenschutzrichtlinie wurde zuletzt im April 2024 aktualisiert.<\/p>\n","protected":false},"excerpt":{"rendered":"<p>Proabit Datenschutzrichtlinie Wenn Sie eine andere als die englische Version dieses Dokuments lesen, handelt es sich um eine automatisch \u00fcbersetzte, unverbindliche Version. Sie sollten sich immer auf das englischsprachige Originaldokument beziehen, das Sie unter www.proabit.com\/privacy-policy\/ finden. Die \u00fcbersetzten Versionen des Dokuments sind nicht als verbindliche Vereinbarungen anzusehen. 1. Wer wir sind Wir sind Proabit Ltd. [&#8230;]\n","protected":false},"author":1,"featured_media":0,"parent":0,"menu_order":0,"comment_status":"closed","ping_status":"closed","template":"","meta":{"footnotes":""},"class_list":["post-1259","page","type-page","status-publish","hentry"],"_links":{"self":[{"href":"https:\/\/proabit.com\/de\/wp-json\/wp\/v2\/pages\/1259","targetHints":{"allow":["GET"]}}],"collection":[{"href":"https:\/\/proabit.com\/de\/wp-json\/wp\/v2\/pages"}],"about":[{"href":"https:\/\/proabit.com\/de\/wp-json\/wp\/v2\/types\/page"}],"author":[{"embeddable":true,"href":"https:\/\/proabit.com\/de\/wp-json\/wp\/v2\/users\/1"}],"replies":[{"embeddable":true,"href":"https:\/\/proabit.com\/de\/wp-json\/wp\/v2\/comments?post=1259"}],"version-history":[{"count":3,"href":"https:\/\/proabit.com\/de\/wp-json\/wp\/v2\/pages\/1259\/revisions"}],"predecessor-version":[{"id":1583,"href":"https:\/\/proabit.com\/de\/wp-json\/wp\/v2\/pages\/1259\/revisions\/1583"}],"wp:attachment":[{"href":"https:\/\/proabit.com\/de\/wp-json\/wp\/v2\/media?parent=1259"}],"curies":[{"name":"wp","href":"https:\/\/api.w.org\/{rel}","templated":true}]}}